{"id":6255,"date":"2020-09-23T17:56:31","date_gmt":"2020-09-23T17:56:31","guid":{"rendered":"http:\/\/www.janahrabkova.cz\/?page_id=6255"},"modified":"2022-08-31T14:50:08","modified_gmt":"2022-08-31T14:50:08","slug":"skupinove-regrese","status":"publish","type":"page","link":"https:\/\/janahrabkova.cz\/index.php\/skupinove-regrese\/","title":{"rendered":"Skupinov\u00e1 regrese"},"content":{"rendered":"[vc_row type=&#8220;full_width_background&#8220; full_screen_row_position=&#8220;middle&#8220; bg_image=&#8220;5882&#8243; bg_position=&#8220;left center&#8220; bg_repeat=&#8220;no-repeat&#8220; scene_position=&#8220;center&#8220; mouse_sensitivity=&#8220;10&#8243; text_color=&#8220;dark&#8220; text_align=&#8220;left&#8220; top_padding=&#8220;2%&#8220; bottom_padding=&#8220;2%&#8220; enable_gradient=&#8220;true&#8220; color_overlay=&#8220;#ffffff&#8220; gradient_direction=&#8220;left_to_right&#8220; overlay_strength=&#8220;1&#8243; enable_shape_divider=&#8220;true&#8220; shape_divider_position=&#8220;both&#8220; bg_image_animation=&#8220;none&#8220; parallax_bg=&#8220;true&#8220; parallax_bg_speed=&#8220;fast&#8220; shape_type=&#8220;curve_opacity&#8220;][vc_column centered_text=&#8220;true&#8220; column_padding=&#8220;no-extra-padding&#8220; column_padding_position=&#8220;left-right&#8220; background_color_opacity=&#8220;1&#8243; background_hover_color_opacity=&#8220;1&#8243; column_link_target=&#8220;_self&#8220; column_shadow=&#8220;none&#8220; column_border_radius=&#8220;none&#8220; width=&#8220;1\/6&#8243; tablet_width_inherit=&#8220;default&#8220; tablet_text_alignment=&#8220;default&#8220; phone_text_alignment=&#8220;default&#8220; column_border_width=&#8220;none&#8220; column_border_style=&#8220;solid&#8220; bg_image_animation=&#8220;none&#8220;][\/vc_column][vc_column column_padding=&#8220;padding-2-percent&#8220; column_padding_position=&#8220;all&#8220; background_color=&#8220;#ffffff&#8220; background_color_opacity=&#8220;0.5&#8243; background_hover_color_opacity=&#8220;1&#8243; column_link_target=&#8220;_self&#8220; column_shadow=&#8220;none&#8220; column_border_radius=&#8220;none&#8220; width=&#8220;2\/3&#8243; tablet_width_inherit=&#8220;default&#8220; tablet_text_alignment=&#8220;default&#8220; phone_text_alignment=&#8220;default&#8220; column_border_width=&#8220;none&#8220; column_border_style=&#8220;solid&#8220; bg_image_animation=&#8220;zoom-out-slow&#8220; enable_animation=&#8220;true&#8220; animation=&#8220;grow-in&#8220;][vc_custom_heading text=&#8220;Skupinov\u00e1 regrese&#8220; font_container=&#8220;tag:h2|text_align:center|color:%2337baf2&#8243; google_fonts=&#8220;font_family:Dancing%20Script%3Aregular%2C700|font_style:700%20bold%20regular%3A700%3Anormal&#8220; css_animation=&#8220;fadeInDown&#8220;][vc_row_inner column_margin=&#8220;default&#8220; text_align=&#8220;left&#8220;][vc_column_inner column_padding=&#8220;no-extra-padding&#8220; column_padding_position=&#8220;all&#8220; background_color_opacity=&#8220;1&#8243; background_hover_color_opacity=&#8220;1&#8243; column_shadow=&#8220;none&#8220; column_border_radius=&#8220;none&#8220; column_link_target=&#8220;_self&#8220; width=&#8220;1\/1&#8243; tablet_width_inherit=&#8220;default&#8220; column_border_width=&#8220;none&#8220; column_border_style=&#8220;solid&#8220; bg_image_animation=&#8220;none&#8220;][vc_column_text]Je krat\u0161\u00ed a leh\u010d\u00ed verze regrese individu\u00e1ln\u00ed. Jde o p\u0159ibl\u00ed\u017een\u00ed pro\u017eitku, kter\u00fd maj\u00ed lid\u00e9 p\u0159i regresi. Skupinov\u00e1 regrese v\u00e1m pom\u016f\u017ee s nac\u00edt\u011bnim a nalad\u011bn\u00edm se na sebe. J\u00e1 tomu \u0159\u00edk\u00e1m v\u00fdprava k sob\u011b&#8230;<br \/>\nSkupinovou regresi proch\u00e1z\u00ed v\u00edce lid\u00ed spole\u010dn\u011b a na rozd\u00edl od regrese individu\u00e1ln\u00ed mi nikdo ze z\u00fa\u010dastn\u011bn\u00fdch neodpov\u00edd\u00e1. Cel\u00fd pro\u017eitek se d\u00e1 p\u0159irovnat k \u0159\u00edzen\u00e9 meditaci.<\/p>\n<p>Skupinov\u00e1 regrese m\u00e1 t\u0159i \u010d\u00e1sti.<br \/>\n<strong>V prvn\u00ed \u010d\u00e1sti projdete jedn\u00edm ze sv\u00fdch minul\u00fdch \u017eivot\u016f.<\/strong><br \/>\n<strong>V druh\u00e9 \u010d\u00e1sti se setk\u00e1te se sv\u00fdm duchovn\u00edm pr\u016fvodcem.<\/strong><br \/>\n<strong>Ve t\u0159et\u00ed \u010d\u00e1sti nahl\u00e9dnete do sv\u00e9 budoucnosti, jen ne do sou\u010dasn\u00e9ho \u017eivota, ale do \u017eivota za 100,200 nebo 300 let vzd\u00e1len\u00e9ho.<\/strong><\/p>\n<p>V m\u00fdch prostor\u00e1ch, kter\u00e9 u\u017e\u00edv\u00e1m m\u016f\u017ee skupinovou regres\u00ed proj\u00edt 6 &#8211; 8 lid\u00ed sou\u010dasn\u011b. V jin\u00fdch prostor\u00e1ch dle dohody a m\u00edsta i v\u00edce.<br \/>\nSkupinov\u00e9 regrese dle dohody a z\u00e1jmu.<\/p>\n<p>T\u011b\u0161\u00edm se na v\u00e1s Jana[\/vc_column_text][\/vc_column_inner][\/vc_row_inner][vc_row_inner column_margin=&#8220;default&#8220; text_align=&#8220;center&#8220;][vc_column_inner column_padding=&#8220;no-extra-padding&#8220; column_padding_position=&#8220;all&#8220; centered_text=&#8220;true&#8220; background_color_opacity=&#8220;1&#8243; background_hover_color_opacity=&#8220;1&#8243; column_shadow=&#8220;none&#8220; column_border_radius=&#8220;10px&#8220; column_link_target=&#8220;_self&#8220; boxed=&#8220;true&#8220; width=&#8220;1\/2&#8243; tablet_width_inherit=&#8220;default&#8220; column_border_width=&#8220;none&#8220; column_border_style=&#8220;solid&#8220; bg_image_animation=&#8220;none&#8220; enable_animation=&#8220;true&#8220; animation=&#8220;grow-in&#8220; delay=&#8220;400&#8243; column_link=&#8220;http:\/\/www.janahrabkova.cz\/index.php\/kontakt\/&#8220;][vc_column_text]\n<h5>Skupinov\u00e1 regrese<\/h5>\n[\/vc_column_text][nectar_gradient_text heading_tag=&#8220;h2&#8243; color=&#8220;extra-color-gradient-1&#8243; gradient_direction=&#8220;horizontal&#8220; text=&#8220;250 K\u010d&#8220;][nectar_gradient_text heading_tag=&#8220;h6&#8243; color=&#8220;extra-color-gradient-1&#8243; gradient_direction=&#8220;horizontal&#8220; text=&#8220;\/ osobu&#8220; margin_top=&#8220;-40px&#8220;][vc_column_text css=&#8220;.vc_custom_1600885040495{margin-top: -20px !important;}&#8220;]V m\u00fdch prostor\u00e1ch, kter\u00e9 u\u017e\u00edv\u00e1m m\u016f\u017ee skupinovou regres\u00ed proj\u00edt 6 &#8211; 8 lid\u00ed sou\u010dasn\u011b. V jin\u00fdch prostor\u00e1ch dle dohody a m\u00edsta i v\u00edce.[\/vc_column_text][\/vc_column_inner][\/vc_row_inner][\/vc_column][vc_column column_padding=&#8220;no-extra-padding&#8220; column_padding_position=&#8220;all&#8220; background_color_opacity=&#8220;1&#8243; background_hover_color_opacity=&#8220;1&#8243; column_link_target=&#8220;_self&#8220; column_shadow=&#8220;none&#8220; column_border_radius=&#8220;none&#8220; width=&#8220;1\/6&#8243; tablet_width_inherit=&#8220;default&#8220; tablet_text_alignment=&#8220;default&#8220; phone_text_alignment=&#8220;default&#8220; column_border_width=&#8220;none&#8220; column_border_style=&#8220;solid&#8220; bg_image_animation=&#8220;none&#8220;][\/vc_column][\/vc_row][vc_row type=&#8220;in_container&#8220; full_screen_row_position=&#8220;middle&#8220; scene_position=&#8220;center&#8220; text_color=&#8220;dark&#8220; text_align=&#8220;left&#8220; top_padding=&#8220;20&#8243; overlay_strength=&#8220;0.3&#8243; shape_divider_position=&#8220;bottom&#8220; bg_image_animation=&#8220;none&#8220; shape_type=&#8220;&#8220;][vc_column column_padding=&#8220;no-extra-padding&#8220; column_padding_position=&#8220;all&#8220; background_color_opacity=&#8220;1&#8243; background_hover_color_opacity=&#8220;1&#8243; column_link_target=&#8220;_self&#8220; column_shadow=&#8220;none&#8220; column_border_radius=&#8220;none&#8220; width=&#8220;1\/3&#8243; tablet_width_inherit=&#8220;default&#8220; tablet_text_alignment=&#8220;default&#8220; phone_text_alignment=&#8220;default&#8220; column_border_width=&#8220;none&#8220; column_border_style=&#8220;solid&#8220; bg_image_animation=&#8220;none&#8220;][\/vc_column][vc_column column_padding=&#8220;no-extra-padding&#8220; column_padding_position=&#8220;all&#8220; background_color_opacity=&#8220;1&#8243; background_hover_color_opacity=&#8220;1&#8243; column_link_target=&#8220;_self&#8220; column_shadow=&#8220;none&#8220; column_border_radius=&#8220;none&#8220; width=&#8220;1\/3&#8243; tablet_width_inherit=&#8220;default&#8220; tablet_text_alignment=&#8220;default&#8220; phone_text_alignment=&#8220;default&#8220; column_border_width=&#8220;none&#8220; column_border_style=&#8220;solid&#8220; bg_image_animation=&#8220;none&#8220;][vc_row_inner column_margin=&#8220;default&#8220; text_align=&#8220;left&#8220;][vc_column_inner column_padding=&#8220;no-extra-padding&#8220; column_padding_position=&#8220;all&#8220; background_color_opacity=&#8220;1&#8243; background_hover_color_opacity=&#8220;1&#8243; column_shadow=&#8220;none&#8220; column_border_radius=&#8220;none&#8220; column_link_target=&#8220;_self&#8220; width=&#8220;1\/1&#8243; tablet_width_inherit=&#8220;default&#8220; column_border_width=&#8220;none&#8220; column_border_style=&#8220;solid&#8220; bg_image_animation=&#8220;none&#8220;][nectar_btn size=&#8220;medium&#8220; button_style=&#8220;see-through&#8220; button_color_2=&#8220;extra-color-gradient-1&#8243; color_override=&#8220;#f7540e&#8220; icon_family=&#8220;fontawesome&#8220; text=&#8220;Jsem tu pro v\u00e1s&#8220; icon_fontawesome=&#8220;fa fa-heart&#8220; margin_left=&#8220;0&#8243; url=&#8220;http:\/\/www.janahrabkova.cz\/index.php\/kontakt\/&#8220;]<div class=\"iwithtext\"><div class=\"iwt-icon\"> <img decoding=\"async\" src=\"https:\/\/janahrabkova.cz\/wp-content\/uploads\/2019\/06\/srdce.jpg\" alt=\"\" \/> <\/div><div class=\"iwt-text\"> Jana Hr\u00e1bkov\u00e1 2019. <\/div><div class=\"clear\"><\/div><\/div>[\/vc_column_inner][\/vc_row_inner][\/vc_column][vc_column column_padding=&#8220;no-extra-padding&#8220; column_padding_position=&#8220;all&#8220; background_color_opacity=&#8220;1&#8243; background_hover_color_opacity=&#8220;1&#8243; column_link_target=&#8220;_self&#8220; column_shadow=&#8220;none&#8220; column_border_radius=&#8220;none&#8220; width=&#8220;1\/3&#8243; tablet_width_inherit=&#8220;default&#8220; tablet_text_alignment=&#8220;default&#8220; phone_text_alignment=&#8220;default&#8220; column_border_width=&#8220;none&#8220; column_border_style=&#8220;solid&#8220; bg_image_animation=&#8220;none&#8220;][\/vc_column][\/vc_row]\n","protected":false},"excerpt":{"rendered":"<p>[vc_row type=&#8220;full_width_background&#8220; full_screen_row_position=&#8220;middle&#8220; bg_image=&#8220;5882&#8243; bg_position=&#8220;left center&#8220; bg_repeat=&#8220;no-repeat&#8220; scene_position=&#8220;center&#8220; mouse_sensitivity=&#8220;10&#8243; text_color=&#8220;dark&#8220; text_align=&#8220;left&#8220; top_padding=&#8220;2%&#8220; bottom_padding=&#8220;2%&#8220; enable_gradient=&#8220;true&#8220; color_overlay=&#8220;#ffffff&#8220; gradient_direction=&#8220;left_to_right&#8220; overlay_strength=&#8220;1&#8243; enable_shape_divider=&#8220;true&#8220; shape_divider_position=&#8220;both&#8220; bg_image_animation=&#8220;none&#8220; parallax_bg=&#8220;true&#8220; parallax_bg_speed=&#8220;fast&#8220; shape_type=&#8220;curve_opacity&#8220;][vc_column centered_text=&#8220;true&#8220; column_padding=&#8220;no-extra-padding&#8220; column_padding_position=&#8220;left-right&#8220; background_color_opacity=&#8220;1&#8243; background_hover_color_opacity=&#8220;1&#8243; column_link_target=&#8220;_self&#8220; column_shadow=&#8220;none&#8220;&#8230;<\/p>\n","protected":false},"author":1,"featured_media":0,"parent":0,"menu_order":0,"comment_status":"closed","ping_status":"closed","template":"","meta":{"footnotes":""},"class_list":["post-6255","page","type-page","status-publish"],"_links":{"self":[{"href":"https:\/\/janahrabkova.cz\/index.php\/wp-json\/wp\/v2\/pages\/6255","targetHints":{"allow":["GET"]}}],"collection":[{"href":"https:\/\/janahrabkova.cz\/index.php\/wp-json\/wp\/v2\/pages"}],"about":[{"href":"https:\/\/janahrabkova.cz\/index.php\/wp-json\/wp\/v2\/types\/page"}],"author":[{"embeddable":true,"href":"https:\/\/janahrabkova.cz\/index.php\/wp-json\/wp\/v2\/users\/1"}],"replies":[{"embeddable":true,"href":"https:\/\/janahrabkova.cz\/index.php\/wp-json\/wp\/v2\/comments?post=6255"}],"version-history":[{"count":9,"href":"https:\/\/janahrabkova.cz\/index.php\/wp-json\/wp\/v2\/pages\/6255\/revisions"}],"predecessor-version":[{"id":6426,"href":"https:\/\/janahrabkova.cz\/index.php\/wp-json\/wp\/v2\/pages\/6255\/revisions\/6426"}],"wp:attachment":[{"href":"https:\/\/janahrabkova.cz\/index.php\/wp-json\/wp\/v2\/media?parent=6255"}],"curies":[{"name":"wp","href":"https:\/\/api.w.org\/{rel}","templated":true}]}}