{"id":6177,"date":"2019-11-03T19:53:47","date_gmt":"2019-11-03T19:53:47","guid":{"rendered":"http:\/\/www.janahrabkova.cz\/?page_id=6177"},"modified":"2020-09-23T18:41:22","modified_gmt":"2020-09-23T18:41:22","slug":"kvantova-regrese-o-sezeni","status":"publish","type":"page","link":"https:\/\/janahrabkova.cz\/index.php\/kvantova-regrese-o-sezeni\/","title":{"rendered":"Individu\u00e1ln\u00ed regrese &#8211; o sezen\u00ed"},"content":{"rendered":"[vc_row type=&#8220;full_width_background&#8220; full_screen_row_position=&#8220;middle&#8220; bg_image=&#8220;5882&#8243; bg_position=&#8220;left center&#8220; bg_repeat=&#8220;no-repeat&#8220; scene_position=&#8220;center&#8220; mouse_sensitivity=&#8220;10&#8243; text_color=&#8220;dark&#8220; text_align=&#8220;left&#8220; top_padding=&#8220;2%&#8220; bottom_padding=&#8220;2%&#8220; enable_gradient=&#8220;true&#8220; color_overlay=&#8220;#ffffff&#8220; gradient_direction=&#8220;left_to_right&#8220; overlay_strength=&#8220;1&#8243; enable_shape_divider=&#8220;true&#8220; shape_divider_position=&#8220;both&#8220; bg_image_animation=&#8220;none&#8220; parallax_bg=&#8220;true&#8220; parallax_bg_speed=&#8220;fast&#8220; shape_type=&#8220;curve_opacity&#8220;][vc_column centered_text=&#8220;true&#8220; column_padding=&#8220;no-extra-padding&#8220; column_padding_position=&#8220;left-right&#8220; background_color_opacity=&#8220;1&#8243; background_hover_color_opacity=&#8220;1&#8243; column_link_target=&#8220;_self&#8220; column_shadow=&#8220;none&#8220; column_border_radius=&#8220;none&#8220; width=&#8220;1\/6&#8243; tablet_width_inherit=&#8220;default&#8220; tablet_text_alignment=&#8220;default&#8220; phone_text_alignment=&#8220;default&#8220; column_border_width=&#8220;none&#8220; column_border_style=&#8220;solid&#8220; bg_image_animation=&#8220;none&#8220;][nectar_btn size=&#8220;small&#8220; button_style=&#8220;see-through&#8220; button_color_2=&#8220;extra-color-gradient-1&#8243; icon_family=&#8220;none&#8220; text=&#8220;Regrese&#8220; url=&#8220;http:\/\/www.janahrabkova.cz\/index.php\/index-php-kvantova-regrese-2\/&#8220;][\/vc_column][vc_column column_padding=&#8220;padding-2-percent&#8220; column_padding_position=&#8220;all&#8220; background_color=&#8220;#ffffff&#8220; background_color_opacity=&#8220;0.5&#8243; background_hover_color_opacity=&#8220;1&#8243; column_link_target=&#8220;_self&#8220; column_shadow=&#8220;none&#8220; column_border_radius=&#8220;none&#8220; width=&#8220;2\/3&#8243; tablet_width_inherit=&#8220;default&#8220; tablet_text_alignment=&#8220;default&#8220; phone_text_alignment=&#8220;default&#8220; column_border_width=&#8220;none&#8220; column_border_style=&#8220;solid&#8220; bg_image_animation=&#8220;zoom-out-slow&#8220; enable_animation=&#8220;true&#8220; animation=&#8220;grow-in&#8220;][vc_custom_heading text=&#8220;Kvantov\u00e1 regrese &#8211; o sezen\u00ed&#8220; font_container=&#8220;tag:h2|text_align:center|color:%2337baf2&#8243; google_fonts=&#8220;font_family:Dancing%20Script%3Aregular%2C700|font_style:700%20bold%20regular%3A700%3Anormal&#8220; css_animation=&#8220;fadeInDown&#8220;][vc_row_inner column_margin=&#8220;default&#8220; text_align=&#8220;left&#8220;][vc_column_inner column_padding=&#8220;no-extra-padding&#8220; column_padding_position=&#8220;all&#8220; background_color_opacity=&#8220;1&#8243; background_hover_color_opacity=&#8220;1&#8243; column_shadow=&#8220;none&#8220; column_border_radius=&#8220;none&#8220; column_link_target=&#8220;_self&#8220; width=&#8220;1\/1&#8243; tablet_width_inherit=&#8220;default&#8220; column_border_width=&#8220;none&#8220; column_border_style=&#8220;solid&#8220; bg_image_animation=&#8220;none&#8220;][vc_column_text]Jedno sezen\u00ed trv\u00e1 a\u017e 5 hodin. \u017d\u00e1dn\u00e1 dal\u0161\u00ed osoba se sezen\u00ed ne\u00fa\u010dastn\u00ed. Plat\u00ed to i pro nejbli\u017e\u0161\u00ed rodinn\u00e9 p\u0159\u00edslu\u0161n\u00edky. Ka\u017ed\u00e9 sezen\u00ed je velice diskr\u00e9tn\u00ed a pln\u011b respektuji soukrom\u00ed ka\u017ed\u00e9ho, kdo ho podstoup\u00ed. Sezen\u00ed se kon\u00e1 v pozici le\u017emo na m\u011bkk\u00e9m podkladu, pod lehkou dekou. Je t\u0159eba aby jste m\u011bli na sob\u011b pohodln\u00fd od\u011bv, kter\u00fd v\u00e1s nebude nikde \u0161krtit.<\/p>\n<p>Cel\u00e9 sezen\u00ed v\u00e1m budu nahr\u00e1vat, aby jste si to mohli doma v klidu poslechnout a nal\u00e9zt tam odpov\u011bdi na va\u0161e probl\u00e9my. Nahr\u00e1vka bude ve form\u00e1tu .mp3 a budete si ji moci st\u00e1hnout z \u00falo\u017ei\u0161t\u011b na internetu.<\/p>\n<p>Budeme pracovat ve stavu Theta. Je to naprosto p\u0159irozen\u00fd stav, proto\u017ee j\u00edm ka\u017ed\u00fd den, min. 2x proch\u00e1z\u00edte, kdy\u017e us\u00edn\u00e1te nebo procit\u00e1te. Je to stav t\u011bsn\u011b p\u0159ed sp\u00e1nkem nebo procitnut\u00edm.<\/p>\n<p><strong>V\u011b\u0159te, \u017ee va\u0161e Vy\u0161\u0161\u00ed V\u011bdom\u00ed v\u00e1m m\u016f\u017ee a chce pomoci. Tam, kde je va\u0161e Vy\u0161\u0161\u00ed V\u011bdom\u00ed je pouze l\u00e1ska, moudrost a ochota n\u00e1m pom\u00e1hat. Ka\u017ed\u00fd, kdo sezen\u00ed jednou zkusil, by si to zopakoval znovu.<\/strong><\/p>\n<p>Tak\u00e9 si pros\u00edm p\u0159ipravte va\u0161e dotazy, ne v\u00edce ne\u017e 10. Sepi\u0161te si je p\u0159edem, d\u011blejte si pozn\u00e1mky pr\u016fb\u011b\u017en\u011b, tak jak v\u00e1m budou p\u0159ich\u00e1zet. V\u011bt\u0161inou, kdy\u017e si je budete d\u011blat najednou, tak na n\u011bkter\u00e9 zapomenete. To sam\u00e9 ud\u011blejte s po\u017eadavky na l\u00e9\u010den\u00ed va\u0161ich nemoc\u00ed, neduh\u016f, z\u00e1vislost\u00ed, pro\u017eitk\u016f, atd.<\/p>\n<p>Pod t\u00edmto textem je n\u011bkolik obr\u00e1zk\u016f. Pros\u00edm zapamatujte si je, aby jste si je mohli p\u0159i sezen\u00ed p\u0159edstavit.[\/vc_column_text][\/vc_column_inner][\/vc_row_inner][vc_row_inner column_margin=&#8220;default&#8220; text_align=&#8220;left&#8220;][vc_column_inner column_padding=&#8220;no-extra-padding&#8220; column_padding_position=&#8220;all&#8220; background_color_opacity=&#8220;1&#8243; background_hover_color_opacity=&#8220;1&#8243; column_shadow=&#8220;none&#8220; column_border_radius=&#8220;none&#8220; column_link_target=&#8220;_self&#8220; width=&#8220;1\/3&#8243; tablet_width_inherit=&#8220;default&#8220; column_border_width=&#8220;none&#8220; column_border_style=&#8220;solid&#8220; bg_image_animation=&#8220;none&#8220; enable_animation=&#8220;true&#8220; animation=&#8220;grow-in&#8220;][team_member image_url=&#8220;6188&#8243; team_memeber_style=&#8220;meta_below&#8220; link_element=&#8220;none&#8220; color=&#8220;Accent-Color&#8220;][\/vc_column_inner][vc_column_inner column_padding=&#8220;no-extra-padding&#8220; column_padding_position=&#8220;all&#8220; background_color_opacity=&#8220;1&#8243; background_hover_color_opacity=&#8220;1&#8243; column_shadow=&#8220;none&#8220; column_border_radius=&#8220;none&#8220; column_link_target=&#8220;_self&#8220; width=&#8220;1\/3&#8243; tablet_width_inherit=&#8220;default&#8220; column_border_width=&#8220;none&#8220; column_border_style=&#8220;solid&#8220; bg_image_animation=&#8220;none&#8220; enable_animation=&#8220;true&#8220; animation=&#8220;grow-in&#8220;][team_member image_url=&#8220;6186&#8243; team_memeber_style=&#8220;meta_below&#8220; link_element=&#8220;none&#8220; color=&#8220;Accent-Color&#8220;][\/vc_column_inner][vc_column_inner column_padding=&#8220;no-extra-padding&#8220; column_padding_position=&#8220;all&#8220; background_color_opacity=&#8220;1&#8243; background_hover_color_opacity=&#8220;1&#8243; column_shadow=&#8220;none&#8220; column_border_radius=&#8220;none&#8220; column_link_target=&#8220;_self&#8220; width=&#8220;1\/3&#8243; tablet_width_inherit=&#8220;default&#8220; column_border_width=&#8220;none&#8220; column_border_style=&#8220;solid&#8220; bg_image_animation=&#8220;none&#8220; enable_animation=&#8220;true&#8220; animation=&#8220;grow-in&#8220;][team_member image_url=&#8220;6185&#8243; team_memeber_style=&#8220;meta_below&#8220; link_element=&#8220;none&#8220; color=&#8220;Accent-Color&#8220;][\/vc_column_inner][\/vc_row_inner][vc_row_inner column_margin=&#8220;default&#8220; text_align=&#8220;left&#8220;][vc_column_inner column_padding=&#8220;no-extra-padding&#8220; column_padding_position=&#8220;all&#8220; background_color_opacity=&#8220;1&#8243; background_hover_color_opacity=&#8220;1&#8243; column_shadow=&#8220;none&#8220; column_border_radius=&#8220;none&#8220; column_link_target=&#8220;_self&#8220; width=&#8220;1\/3&#8243; tablet_width_inherit=&#8220;default&#8220; column_border_width=&#8220;none&#8220; column_border_style=&#8220;solid&#8220; bg_image_animation=&#8220;none&#8220; enable_animation=&#8220;true&#8220; animation=&#8220;grow-in&#8220;][team_member image_url=&#8220;6184&#8243; team_memeber_style=&#8220;meta_below&#8220; link_element=&#8220;none&#8220; color=&#8220;Accent-Color&#8220;][\/vc_column_inner][vc_column_inner column_padding=&#8220;no-extra-padding&#8220; column_padding_position=&#8220;all&#8220; background_color_opacity=&#8220;1&#8243; background_hover_color_opacity=&#8220;1&#8243; column_shadow=&#8220;none&#8220; column_border_radius=&#8220;none&#8220; column_link_target=&#8220;_self&#8220; width=&#8220;1\/3&#8243; tablet_width_inherit=&#8220;default&#8220; column_border_width=&#8220;none&#8220; column_border_style=&#8220;solid&#8220; bg_image_animation=&#8220;none&#8220; enable_animation=&#8220;true&#8220; animation=&#8220;grow-in&#8220;][team_member image_url=&#8220;6187&#8243; team_memeber_style=&#8220;meta_below&#8220; link_element=&#8220;none&#8220; color=&#8220;Accent-Color&#8220;][\/vc_column_inner][\/vc_row_inner][\/vc_column][vc_column column_padding=&#8220;no-extra-padding&#8220; column_padding_position=&#8220;all&#8220; background_color_opacity=&#8220;1&#8243; background_hover_color_opacity=&#8220;1&#8243; column_link_target=&#8220;_self&#8220; column_shadow=&#8220;none&#8220; column_border_radius=&#8220;none&#8220; width=&#8220;1\/6&#8243; tablet_width_inherit=&#8220;default&#8220; tablet_text_alignment=&#8220;default&#8220; phone_text_alignment=&#8220;default&#8220; column_border_width=&#8220;none&#8220; column_border_style=&#8220;solid&#8220; bg_image_animation=&#8220;none&#8220;][\/vc_column][\/vc_row][vc_row type=&#8220;in_container&#8220; full_screen_row_position=&#8220;middle&#8220; scene_position=&#8220;center&#8220; text_color=&#8220;dark&#8220; text_align=&#8220;left&#8220; top_padding=&#8220;20&#8243; overlay_strength=&#8220;0.3&#8243; shape_divider_position=&#8220;bottom&#8220; bg_image_animation=&#8220;none&#8220; shape_type=&#8220;&#8220;][vc_column column_padding=&#8220;no-extra-padding&#8220; column_padding_position=&#8220;all&#8220; background_color_opacity=&#8220;1&#8243; background_hover_color_opacity=&#8220;1&#8243; column_link_target=&#8220;_self&#8220; column_shadow=&#8220;none&#8220; column_border_radius=&#8220;none&#8220; width=&#8220;1\/3&#8243; tablet_width_inherit=&#8220;default&#8220; tablet_text_alignment=&#8220;default&#8220; phone_text_alignment=&#8220;default&#8220; column_border_width=&#8220;none&#8220; column_border_style=&#8220;solid&#8220; bg_image_animation=&#8220;none&#8220;][\/vc_column][vc_column column_padding=&#8220;no-extra-padding&#8220; column_padding_position=&#8220;all&#8220; background_color_opacity=&#8220;1&#8243; background_hover_color_opacity=&#8220;1&#8243; column_link_target=&#8220;_self&#8220; column_shadow=&#8220;none&#8220; column_border_radius=&#8220;none&#8220; width=&#8220;1\/3&#8243; tablet_width_inherit=&#8220;default&#8220; tablet_text_alignment=&#8220;default&#8220; phone_text_alignment=&#8220;default&#8220; column_border_width=&#8220;none&#8220; column_border_style=&#8220;solid&#8220; bg_image_animation=&#8220;none&#8220;][vc_row_inner column_margin=&#8220;default&#8220; text_align=&#8220;left&#8220;][vc_column_inner column_padding=&#8220;no-extra-padding&#8220; column_padding_position=&#8220;all&#8220; background_color_opacity=&#8220;1&#8243; background_hover_color_opacity=&#8220;1&#8243; column_shadow=&#8220;none&#8220; column_border_radius=&#8220;none&#8220; column_link_target=&#8220;_self&#8220; width=&#8220;1\/1&#8243; tablet_width_inherit=&#8220;default&#8220; column_border_width=&#8220;none&#8220; column_border_style=&#8220;solid&#8220; bg_image_animation=&#8220;none&#8220;][nectar_btn size=&#8220;medium&#8220; button_style=&#8220;see-through&#8220; button_color_2=&#8220;extra-color-gradient-1&#8243; color_override=&#8220;#f7540e&#8220; icon_family=&#8220;fontawesome&#8220; text=&#8220;Jsem tu pro v\u00e1s&#8220; icon_fontawesome=&#8220;fa fa-heart&#8220; margin_left=&#8220;0&#8243; url=&#8220;http:\/\/www.janahrabkova.cz\/index.php\/kontakt\/&#8220;]<div class=\"iwithtext\"><div class=\"iwt-icon\"> <img decoding=\"async\" src=\"https:\/\/janahrabkova.cz\/wp-content\/uploads\/2019\/06\/srdce.jpg\" alt=\"\" \/> <\/div><div class=\"iwt-text\"> Jana Hr\u00e1bkov\u00e1 2019. <\/div><div class=\"clear\"><\/div><\/div>[\/vc_column_inner][\/vc_row_inner][\/vc_column][vc_column column_padding=&#8220;no-extra-padding&#8220; column_padding_position=&#8220;all&#8220; background_color_opacity=&#8220;1&#8243; background_hover_color_opacity=&#8220;1&#8243; column_link_target=&#8220;_self&#8220; column_shadow=&#8220;none&#8220; column_border_radius=&#8220;none&#8220; width=&#8220;1\/3&#8243; tablet_width_inherit=&#8220;default&#8220; tablet_text_alignment=&#8220;default&#8220; phone_text_alignment=&#8220;default&#8220; column_border_width=&#8220;none&#8220; column_border_style=&#8220;solid&#8220; bg_image_animation=&#8220;none&#8220;][\/vc_column][\/vc_row]\n","protected":false},"excerpt":{"rendered":"<p>[vc_row type=&#8220;full_width_background&#8220; full_screen_row_position=&#8220;middle&#8220; bg_image=&#8220;5882&#8243; bg_position=&#8220;left center&#8220; bg_repeat=&#8220;no-repeat&#8220; scene_position=&#8220;center&#8220; mouse_sensitivity=&#8220;10&#8243; text_color=&#8220;dark&#8220; text_align=&#8220;left&#8220; top_padding=&#8220;2%&#8220; bottom_padding=&#8220;2%&#8220; enable_gradient=&#8220;true&#8220; color_overlay=&#8220;#ffffff&#8220; gradient_direction=&#8220;left_to_right&#8220; overlay_strength=&#8220;1&#8243; enable_shape_divider=&#8220;true&#8220; shape_divider_position=&#8220;both&#8220; bg_image_animation=&#8220;none&#8220; parallax_bg=&#8220;true&#8220; parallax_bg_speed=&#8220;fast&#8220; shape_type=&#8220;curve_opacity&#8220;][vc_column centered_text=&#8220;true&#8220; column_padding=&#8220;no-extra-padding&#8220; column_padding_position=&#8220;left-right&#8220; background_color_opacity=&#8220;1&#8243; background_hover_color_opacity=&#8220;1&#8243; column_link_target=&#8220;_self&#8220; column_shadow=&#8220;none&#8220;&#8230;<\/p>\n","protected":false},"author":1,"featured_media":0,"parent":0,"menu_order":0,"comment_status":"closed","ping_status":"closed","template":"","meta":{"footnotes":""},"class_list":["post-6177","page","type-page","status-publish"],"_links":{"self":[{"href":"https:\/\/janahrabkova.cz\/index.php\/wp-json\/wp\/v2\/pages\/6177","targetHints":{"allow":["GET"]}}],"collection":[{"href":"https:\/\/janahrabkova.cz\/index.php\/wp-json\/wp\/v2\/pages"}],"about":[{"href":"https:\/\/janahrabkova.cz\/index.php\/wp-json\/wp\/v2\/types\/page"}],"author":[{"embeddable":true,"href":"https:\/\/janahrabkova.cz\/index.php\/wp-json\/wp\/v2\/users\/1"}],"replies":[{"embeddable":true,"href":"https:\/\/janahrabkova.cz\/index.php\/wp-json\/wp\/v2\/comments?post=6177"}],"version-history":[{"count":11,"href":"https:\/\/janahrabkova.cz\/index.php\/wp-json\/wp\/v2\/pages\/6177\/revisions"}],"predecessor-version":[{"id":6266,"href":"https:\/\/janahrabkova.cz\/index.php\/wp-json\/wp\/v2\/pages\/6177\/revisions\/6266"}],"wp:attachment":[{"href":"https:\/\/janahrabkova.cz\/index.php\/wp-json\/wp\/v2\/media?parent=6177"}],"curies":[{"name":"wp","href":"https:\/\/api.w.org\/{rel}","templated":true}]}}