{"id":6121,"date":"2019-06-28T14:30:13","date_gmt":"2019-06-28T14:30:13","guid":{"rendered":"http:\/\/www.janahrabkova.cz\/?page_id=6121"},"modified":"2022-08-08T19:32:58","modified_gmt":"2022-08-08T19:32:58","slug":"seminare","status":"publish","type":"page","link":"https:\/\/janahrabkova.cz\/index.php\/seminare\/","title":{"rendered":"Semin\u00e1\u0159e"},"content":{"rendered":"[vc_row type=&#8220;full_width_background&#8220; full_screen_row_position=&#8220;middle&#8220; bg_image=&#8220;5894&#8243; bg_position=&#8220;center center&#8220; bg_repeat=&#8220;no-repeat&#8220; full_height=&#8220;yes&#8220; columns_placement=&#8220;top&#8220; scene_position=&#8220;center&#8220; mouse_sensitivity=&#8220;10&#8243; text_color=&#8220;dark&#8220; text_align=&#8220;left&#8220; top_padding=&#8220;2%&#8220; bottom_padding=&#8220;2%&#8220; enable_gradient=&#8220;true&#8220; color_overlay=&#8220;#ffffff&#8220; gradient_direction=&#8220;left_to_right&#8220; overlay_strength=&#8220;1&#8243; enable_shape_divider=&#8220;true&#8220; shape_divider_position=&#8220;both&#8220; bg_image_animation=&#8220;none&#8220; parallax_bg=&#8220;true&#8220; parallax_bg_speed=&#8220;fast&#8220; shape_type=&#8220;curve_opacity&#8220;][vc_column column_padding=&#8220;padding-5-percent&#8220; column_padding_position=&#8220;left-right&#8220; background_color_opacity=&#8220;1&#8243; background_hover_color_opacity=&#8220;1&#8243; column_link_target=&#8220;_self&#8220; column_shadow=&#8220;none&#8220; column_border_radius=&#8220;none&#8220; width=&#8220;1\/6&#8243; tablet_width_inherit=&#8220;default&#8220; tablet_text_alignment=&#8220;default&#8220; phone_text_alignment=&#8220;default&#8220; column_border_width=&#8220;none&#8220; column_border_style=&#8220;solid&#8220; bg_image_animation=&#8220;none&#8220;][\/vc_column][vc_column column_padding=&#8220;padding-2-percent&#8220; column_padding_position=&#8220;all&#8220; background_color=&#8220;#ffffff&#8220; background_color_opacity=&#8220;0.5&#8243; background_hover_color_opacity=&#8220;1&#8243; column_link_target=&#8220;_self&#8220; column_shadow=&#8220;none&#8220; column_border_radius=&#8220;none&#8220; width=&#8220;2\/3&#8243; tablet_width_inherit=&#8220;default&#8220; tablet_text_alignment=&#8220;default&#8220; phone_text_alignment=&#8220;default&#8220; column_border_width=&#8220;none&#8220; column_border_style=&#8220;solid&#8220; bg_image_animation=&#8220;zoom-out-slow&#8220; enable_animation=&#8220;true&#8220; animation=&#8220;grow-in&#8220;][vc_custom_heading text=&#8220;Semin\u00e1\u0159 &#8220; font_container=&#8220;tag:h2|text_align:center|color:%23e54034&#8243; google_fonts=&#8220;font_family:Dancing%20Script%3Aregular%2C700|font_style:700%20bold%20regular%3A700%3Anormal&#8220; css_animation=&#8220;fadeInDown&#8220;][vc_column_text]\n<h3 style=\"text-align: center;\">HARMONIZACE \u010cAKER A PR\u00c1CE S ENERGI\u00cd<\/h3>\n<h4 class=\"p1\"><strong><span class=\"s1\">Trv\u00e1n\u00ed 7 m\u011bs\u00edc\u016f, v\u017edy 1x v m\u011bs\u00edci. Ka\u017ed\u00fd m\u011bs\u00edc budeme pracovat s jednou \u010dakrou, nau\u010d\u00edte se harmonizovat \u010dakry sami sob\u011b, ale i druh\u00fdm&#8230; Ladit se na svoje t\u011blo a jeho pot\u0159eby. Bude i prostor pro va\u0161e ot\u00e1zky a t\u00e9mata kter\u00e1 v\u00e1s budou zaj\u00edmat.<\/span><\/strong><\/h4>\n<p class=\"p1\"><span class=\"s1\">Cena jednoho dne 1100,-<br \/>\n<\/span><span class=\"s1\">P\u0159i platb\u011b p\u0159edem 7000,-<\/span><\/p>\n<p class=\"p1\"><strong><span class=\"s1\">Za\u010d\u00e1tek \u0159\u00edjen 2022<br \/>\n<\/span><span class=\"s1\">V\u017edy od 10 &#8211; 16 hod<\/span><\/strong><\/p>\n<p class=\"p1\"><span class=\"s1\">T\u011b\u0161\u00edm se na spole\u010dnou cestu<br \/>\nJana<\/span><\/p>\n[\/vc_column_text][\/vc_column][vc_column column_padding=&#8220;no-extra-padding&#8220; column_padding_position=&#8220;all&#8220; background_color_opacity=&#8220;1&#8243; background_hover_color_opacity=&#8220;1&#8243; column_link_target=&#8220;_self&#8220; column_shadow=&#8220;none&#8220; column_border_radius=&#8220;none&#8220; width=&#8220;1\/6&#8243; tablet_width_inherit=&#8220;default&#8220; tablet_text_alignment=&#8220;default&#8220; phone_text_alignment=&#8220;default&#8220; column_border_width=&#8220;none&#8220; column_border_style=&#8220;solid&#8220; bg_image_animation=&#8220;none&#8220;][\/vc_column][\/vc_row][vc_row type=&#8220;in_container&#8220; full_screen_row_position=&#8220;middle&#8220; scene_position=&#8220;center&#8220; text_color=&#8220;dark&#8220; text_align=&#8220;left&#8220; top_padding=&#8220;20&#8243; overlay_strength=&#8220;0.3&#8243; shape_divider_position=&#8220;bottom&#8220; bg_image_animation=&#8220;none&#8220; shape_type=&#8220;&#8220;][vc_column column_padding=&#8220;no-extra-padding&#8220; column_padding_position=&#8220;all&#8220; background_color_opacity=&#8220;1&#8243; background_hover_color_opacity=&#8220;1&#8243; column_link_target=&#8220;_self&#8220; column_shadow=&#8220;none&#8220; column_border_radius=&#8220;none&#8220; width=&#8220;1\/3&#8243; tablet_width_inherit=&#8220;default&#8220; tablet_text_alignment=&#8220;default&#8220; phone_text_alignment=&#8220;default&#8220; column_border_width=&#8220;none&#8220; column_border_style=&#8220;solid&#8220; bg_image_animation=&#8220;none&#8220;][\/vc_column][vc_column column_padding=&#8220;no-extra-padding&#8220; column_padding_position=&#8220;all&#8220; background_color_opacity=&#8220;1&#8243; background_hover_color_opacity=&#8220;1&#8243; column_link_target=&#8220;_self&#8220; column_shadow=&#8220;none&#8220; column_border_radius=&#8220;none&#8220; width=&#8220;1\/3&#8243; tablet_width_inherit=&#8220;default&#8220; tablet_text_alignment=&#8220;default&#8220; phone_text_alignment=&#8220;default&#8220; column_border_width=&#8220;none&#8220; column_border_style=&#8220;solid&#8220; bg_image_animation=&#8220;none&#8220;][vc_row_inner column_margin=&#8220;default&#8220; text_align=&#8220;left&#8220;][vc_column_inner column_padding=&#8220;no-extra-padding&#8220; column_padding_position=&#8220;all&#8220; background_color_opacity=&#8220;1&#8243; background_hover_color_opacity=&#8220;1&#8243; column_shadow=&#8220;none&#8220; column_border_radius=&#8220;none&#8220; column_link_target=&#8220;_self&#8220; width=&#8220;1\/1&#8243; tablet_width_inherit=&#8220;default&#8220; column_border_width=&#8220;none&#8220; column_border_style=&#8220;solid&#8220; bg_image_animation=&#8220;none&#8220;][nectar_btn size=&#8220;medium&#8220; button_style=&#8220;see-through&#8220; button_color_2=&#8220;extra-color-gradient-1&#8243; color_override=&#8220;#f7540e&#8220; icon_family=&#8220;fontawesome&#8220; text=&#8220;Jsem tu pro v\u00e1s&#8220; icon_fontawesome=&#8220;fa fa-heart&#8220; margin_left=&#8220;0&#8243; url=&#8220;http:\/\/www.janahrabkova.cz\/index.php\/kontakt\/&#8220;]<div class=\"iwithtext\"><div class=\"iwt-icon\"> <img decoding=\"async\" src=\"https:\/\/janahrabkova.cz\/wp-content\/uploads\/2019\/06\/srdce.jpg\" alt=\"\" \/> <\/div><div class=\"iwt-text\"> Jana Hr\u00e1bkov\u00e1 2019. <\/div><div class=\"clear\"><\/div><\/div>[\/vc_column_inner][\/vc_row_inner][\/vc_column][vc_column column_padding=&#8220;no-extra-padding&#8220; column_padding_position=&#8220;all&#8220; background_color_opacity=&#8220;1&#8243; background_hover_color_opacity=&#8220;1&#8243; column_link_target=&#8220;_self&#8220; column_shadow=&#8220;none&#8220; column_border_radius=&#8220;none&#8220; width=&#8220;1\/3&#8243; tablet_width_inherit=&#8220;default&#8220; tablet_text_alignment=&#8220;default&#8220; phone_text_alignment=&#8220;default&#8220; column_border_width=&#8220;none&#8220; column_border_style=&#8220;solid&#8220; bg_image_animation=&#8220;none&#8220;][\/vc_column][\/vc_row]\n","protected":false},"excerpt":{"rendered":"<p>[vc_row type=&#8220;full_width_background&#8220; full_screen_row_position=&#8220;middle&#8220; bg_image=&#8220;5894&#8243; bg_position=&#8220;center center&#8220; bg_repeat=&#8220;no-repeat&#8220; full_height=&#8220;yes&#8220; columns_placement=&#8220;top&#8220; scene_position=&#8220;center&#8220; mouse_sensitivity=&#8220;10&#8243; text_color=&#8220;dark&#8220; text_align=&#8220;left&#8220; top_padding=&#8220;2%&#8220; bottom_padding=&#8220;2%&#8220; enable_gradient=&#8220;true&#8220; color_overlay=&#8220;#ffffff&#8220; gradient_direction=&#8220;left_to_right&#8220; overlay_strength=&#8220;1&#8243; enable_shape_divider=&#8220;true&#8220; shape_divider_position=&#8220;both&#8220; bg_image_animation=&#8220;none&#8220; parallax_bg=&#8220;true&#8220; parallax_bg_speed=&#8220;fast&#8220; shape_type=&#8220;curve_opacity&#8220;][vc_column column_padding=&#8220;padding-5-percent&#8220; column_padding_position=&#8220;left-right&#8220; background_color_opacity=&#8220;1&#8243; background_hover_color_opacity=&#8220;1&#8243; column_link_target=&#8220;_self&#8220;&#8230;<\/p>\n","protected":false},"author":1,"featured_media":0,"parent":0,"menu_order":0,"comment_status":"closed","ping_status":"closed","template":"","meta":{"footnotes":""},"class_list":["post-6121","page","type-page","status-publish"],"_links":{"self":[{"href":"https:\/\/janahrabkova.cz\/index.php\/wp-json\/wp\/v2\/pages\/6121","targetHints":{"allow":["GET"]}}],"collection":[{"href":"https:\/\/janahrabkova.cz\/index.php\/wp-json\/wp\/v2\/pages"}],"about":[{"href":"https:\/\/janahrabkova.cz\/index.php\/wp-json\/wp\/v2\/types\/page"}],"author":[{"embeddable":true,"href":"https:\/\/janahrabkova.cz\/index.php\/wp-json\/wp\/v2\/users\/1"}],"replies":[{"embeddable":true,"href":"https:\/\/janahrabkova.cz\/index.php\/wp-json\/wp\/v2\/comments?post=6121"}],"version-history":[{"count":38,"href":"https:\/\/janahrabkova.cz\/index.php\/wp-json\/wp\/v2\/pages\/6121\/revisions"}],"predecessor-version":[{"id":6412,"href":"https:\/\/janahrabkova.cz\/index.php\/wp-json\/wp\/v2\/pages\/6121\/revisions\/6412"}],"wp:attachment":[{"href":"https:\/\/janahrabkova.cz\/index.php\/wp-json\/wp\/v2\/media?parent=6121"}],"curies":[{"name":"wp","href":"https:\/\/api.w.org\/{rel}","templated":true}]}}