{"id":5865,"date":"2019-06-25T09:56:26","date_gmt":"2019-06-25T09:56:26","guid":{"rendered":"http:\/\/www.janahrabkova.cz\/?page_id=5865"},"modified":"2019-11-03T12:54:43","modified_gmt":"2019-11-03T12:54:43","slug":"reiki","status":"publish","type":"page","link":"https:\/\/janahrabkova.cz\/index.php\/reiki\/","title":{"rendered":"Reiki"},"content":{"rendered":"[vc_row type=&#8220;full_width_background&#8220; full_screen_row_position=&#8220;middle&#8220; bg_image=&#8220;5892&#8243; bg_position=&#8220;left center&#8220; bg_repeat=&#8220;no-repeat&#8220; scene_position=&#8220;center&#8220; mouse_sensitivity=&#8220;10&#8243; text_color=&#8220;dark&#8220; text_align=&#8220;left&#8220; top_padding=&#8220;2%&#8220; bottom_padding=&#8220;2%&#8220; enable_gradient=&#8220;true&#8220; color_overlay=&#8220;#ffffff&#8220; gradient_direction=&#8220;left_to_right&#8220; overlay_strength=&#8220;1&#8243; enable_shape_divider=&#8220;true&#8220; shape_divider_position=&#8220;both&#8220; bg_image_animation=&#8220;none&#8220; parallax_bg=&#8220;true&#8220; parallax_bg_speed=&#8220;fast&#8220; shape_type=&#8220;curve_opacity&#8220;][vc_column column_padding=&#8220;padding-5-percent&#8220; column_padding_position=&#8220;left-right&#8220; background_color_opacity=&#8220;1&#8243; background_hover_color_opacity=&#8220;1&#8243; column_link_target=&#8220;_self&#8220; column_shadow=&#8220;none&#8220; column_border_radius=&#8220;none&#8220; width=&#8220;1\/6&#8243; tablet_width_inherit=&#8220;default&#8220; tablet_text_alignment=&#8220;default&#8220; phone_text_alignment=&#8220;default&#8220; column_border_width=&#8220;none&#8220; column_border_style=&#8220;solid&#8220; bg_image_animation=&#8220;none&#8220;][\/vc_column][vc_column column_padding=&#8220;padding-2-percent&#8220; column_padding_position=&#8220;all&#8220; background_color=&#8220;#ffffff&#8220; background_color_opacity=&#8220;0.5&#8243; background_hover_color_opacity=&#8220;1&#8243; column_link_target=&#8220;_self&#8220; column_shadow=&#8220;none&#8220; column_border_radius=&#8220;none&#8220; width=&#8220;2\/3&#8243; tablet_width_inherit=&#8220;default&#8220; tablet_text_alignment=&#8220;default&#8220; phone_text_alignment=&#8220;default&#8220; column_border_width=&#8220;none&#8220; column_border_style=&#8220;solid&#8220; bg_image_animation=&#8220;zoom-out-slow&#8220; enable_animation=&#8220;true&#8220; animation=&#8220;grow-in&#8220;][vc_custom_heading text=&#8220;Reiki \u2013 l\u00e9\u010den\u00ed a zasv\u011bcen\u00ed&#8220; font_container=&#8220;tag:h2|text_align:center|color:%23ca59f7&#8243; google_fonts=&#8220;font_family:Dancing%20Script%3Aregular%2C700|font_style:700%20bold%20regular%3A700%3Anormal&#8220; css_animation=&#8220;fadeInDown&#8220;][vc_column_text css_animation=&#8220;fadeInRight&#8220;]\n<h4>Star\u00e1 tradi\u010dn\u00ed metoda harmonizace t\u011bla i du\u0161e \u2013 Reiki \u2013 byla znovuobjevena koncem 19. Stolet\u00ed japonsk\u00fdm teologem Doktorem Mikao Usuim.<\/h4>\n[\/vc_column_text][vc_row_inner column_margin=&#8220;default&#8220; text_align=&#8220;left&#8220;][vc_column_inner column_padding=&#8220;no-extra-padding&#8220; column_padding_position=&#8220;all&#8220; background_color_opacity=&#8220;1&#8243; background_hover_color_opacity=&#8220;1&#8243; column_shadow=&#8220;none&#8220; column_border_radius=&#8220;none&#8220; column_link_target=&#8220;_self&#8220; width=&#8220;1\/2&#8243; tablet_width_inherit=&#8220;default&#8220; column_border_width=&#8220;none&#8220; column_border_style=&#8220;solid&#8220; bg_image_animation=&#8220;none&#8220;][vc_column_text]Jeho usilovn\u00e9 b\u00e1d\u00e1n\u00ed mu trvalo cel\u00fdch \u0161estadvacet let, a\u017e se mu nakonec b\u011bhem dlouh\u00e9 meditace dostalo hlubok\u00e9ho duchovn\u00edho pozn\u00e1n\u00ed a pochopen\u00ed symbol\u016f a manter, kter\u00e9 na\u0161el ve star\u00fdch sanskrtsk\u00fdch z\u00e1znamech.\u00a0Od t\u00e9to doby se tato schopnost p\u0159ed\u00e1v\u00e1 z u\u010ditele na \u017e\u00e1ky, p\u0159i\u010dem\u017e mo\u017enost pracovat s Reiki nen\u00ed zalo\u017eena na \u017e\u00e1dn\u00e9 v\u00ed\u0159e \u010di n\u00e1bo\u017eensk\u00e9m vyzn\u00e1n\u00ed.[\/vc_column_text][\/vc_column_inner][vc_column_inner column_padding=&#8220;no-extra-padding&#8220; column_padding_position=&#8220;all&#8220; background_color_opacity=&#8220;1&#8243; background_hover_color_opacity=&#8220;1&#8243; column_shadow=&#8220;none&#8220; column_border_radius=&#8220;none&#8220; column_link_target=&#8220;_self&#8220; width=&#8220;1\/2&#8243; tablet_width_inherit=&#8220;default&#8220; column_border_width=&#8220;none&#8220; column_border_style=&#8220;solid&#8220; bg_image_animation=&#8220;none&#8220;][image_with_animation image_url=&#8220;6057&#8243; alignment=&#8220;&#8220; animation=&#8220;Fade In&#8220; border_radius=&#8220;none&#8220; box_shadow=&#8220;none&#8220; max_width=&#8220;100%&#8220;][\/vc_column_inner][\/vc_row_inner][vc_column_text css_animation=&#8220;fadeInRight&#8220;]\n<h4>Jak Reiki p\u016fsob\u00ed?<\/h4>\n<div>V\u0161echny \u00farovn\u011b \u010dlov\u011bka se skl\u00e1daj\u00ed z vibruj\u00edc\u00ed energie. Nemoc \u010di disharmonie jsou projevem neharmonick\u00e9ho toku na r\u016fzn\u00fdch vibra\u010dn\u00edch \u00farovn\u00edch \u010dlov\u011bka. N\u011bkde je energie m\u00e1lo, jinde je j\u00ed p\u0159ebytek, na n\u011bkter\u00fdch m\u00edstech je zase energie blokov\u00e1na. Reiki je energie, kter\u00e1 harmonizuje energetick\u00fd tok na v\u0161ech \u00farovn\u00edch \u2013 fyzick\u00e9, emocion\u00e1ln\u00ed, psychick\u00e9 i duchovn\u00ed, \u010d\u00edm\u017e p\u016fsob\u00ed nejen na vn\u011bj\u0161\u00ed p\u0159\u00edznaky, ale i na samou podstatu psychick\u00e9ho \u010di zdravotn\u00edho probl\u00e9mu.<\/div>\n<div>Reiki se aplikuje p\u0159ikl\u00e1d\u00e1n\u00edm rukou na t\u011blo klienta, \u010d\u00edm\u017e mu je p\u0159ed\u00e1v\u00e1na energie. Ten, kdo energii p\u0159ed\u00e1v\u00e1, klienta nel\u00e9\u010d\u00ed, ani mu ned\u00e1v\u00e1 k dispozici energii svou, ale je pro n\u011bj pouze \u201evodi\u010dem\u201c \u010di \u201eprost\u0159edn\u00edkem\u201c pro vesm\u00edrnou energii, kter\u00e1 je p\u0159\u00edtomna v\u0161ude. Mno\u017estv\u00ed p\u0159ij\u00edman\u00e9 energie z\u00e1vis\u00ed na ochot\u011b a otev\u0159enosti klienta energii p\u0159ij\u00edmat, tj. mno\u017estv\u00ed p\u0159ijat\u00e9 energie si reguluje podv\u011bdom\u011b klient s\u00e1m. Reiki nav\u00edc sama od sebe proud\u00ed tam, kde je j\u00ed nejv\u00edce pot\u0159eba. P\u0159ij\u00edm\u00e1n\u00ed energie poci\u0165uje ka\u017ed\u00fd klient subjektivn\u011b \u2013 obvykle v m\u00edst\u011b p\u0159ikl\u00e1d\u00e1n\u00ed rukou c\u00edt\u00ed zv\u00fd\u0161en\u00e9 teplo, chlad, mraven\u010den\u00ed, vibrace, nebo t\u00e9\u017e nem\u00e1 \u017e\u00e1dn\u00e9 pocity. Na o\u0161et\u0159en\u00ed Reiki se klient nemus\u00ed nijak zvl\u00e1\u0161\u0165 v\u011bdom\u011b koncentrovat, posta\u010d\u00ed se pouze uvolnit.<\/div>\n<div>Tato energie m\u00e1 mimo jin\u00e9 schopnost prostupovat v\u0161emi materi\u00e1ly, tak\u017ee i od\u011bvem (klient se p\u0159i terapii nesvl\u00e9k\u00e1), s\u00e1drou apod. Pomoc\u00ed n\u00ed lze dokonce \u010distit m\u00edstnosti a prostory od negativn\u00edch vibrac\u00ed, nab\u00edjet kameny, krystaly apod.<\/div>\n[\/vc_column_text][vc_column_text css_animation=&#8220;fadeInRight&#8220;]\n<h4>V \u010dem m\u016f\u017ee pomoci?<\/h4>\n<div>Reiki je vynikaj\u00edc\u00edm prost\u0159edkem pro zklidn\u011bn\u00ed, navozen\u00ed harmonie a hlubok\u00e9ho uvoln\u011bn\u00ed t\u011bla i mysli.<\/div>\n<div>Pom\u00e1h\u00e1 p\u0159i stresech, nervozit\u011b a apatii; vyrovn\u00e1v\u00e1 krevn\u00ed tlak, normalizuje nervov\u00fd syst\u00e9m, zvy\u0161uje imunitu, upravuje sp\u00e1nek. M\u016f\u017ee slou\u017eit jako podp\u016frn\u00e1 metoda p\u0159i klasick\u00e9 l\u00e9\u010db\u011b, jak akutn\u00edch, tak chronick\u00fdch onemocn\u011bn\u00ed, kdy podstatn\u011b zkracuje dobu l\u00e9\u010den\u00ed a rekonvalescence po nemoci. M\u016f\u017ee tak\u00e9 ulevit p\u0159i akutn\u00edch bolestech, nevolnosti, p\u0159i poopera\u010dn\u00edch a po\u00farazov\u00fdch stavech. Podstata jej\u00edho p\u016fsoben\u00ed spo\u010d\u00edv\u00e1 v tom, \u017ee dod\u00e1v\u00e1 t\u011blu energii, zvy\u0161uje jeho energetick\u00e9 vibrace a aktivuje tak samol\u00e9\u010debn\u00fd mechanizmus \u010dlov\u011bka. Lze ji kombinovat s jakoukoliv jinou metodou \u010di l\u00e9\u010debn\u00fdmi prost\u0159edky. Reiki je tak\u00e9 vynikaj\u00edc\u00edm prost\u0159edkem pro nav\u00e1z\u00e1n\u00ed kontaktu s hlubok\u00fdm podv\u011bdom\u00edm \u010dlov\u011bka, \u010d\u00edm\u017e umo\u017e\u0148uje \u0159e\u0161en\u00ed psychick\u00fdch probl\u00e9m\u016f a to od z\u00e1vislost\u00ed, depres\u00ed, fobi\u00ed a strachu a\u017e po nedostatek sebed\u016fv\u011bry. Posil\u0148uje pozitivn\u00ed programov\u00e1n\u00ed mysli, \u010d\u00edm\u017e umo\u017e\u0148uje \u010dlov\u011bku odstranit vlastn\u00ed omezen\u00ed a p\u0159ek\u00e1\u017eky pln\u00e9ho rozvoje, osobn\u00edho \u00fasp\u011bchu a zdrav\u00ed.<\/div>\n<div>Reiki nem\u00e1 \u017e\u00e1dn\u00e9 vedlej\u0161\u00ed \u00fa\u010dinky a nem\u016f\u017ee \u010dlov\u011bku u\u0161kodit. V n\u011bkter\u00fdch p\u0159\u00edpadech se m\u016f\u017ee st\u00e1t, \u017ee se stav klienta po celkov\u00e9m o\u0161et\u0159en\u00ed na kr\u00e1tkou dobu do\u010dasn\u011b zhor\u0161\u00ed. Je to zn\u00e1mkou prob\u00edhaj\u00edc\u00edch o\u010distn\u00fdch proces\u016f. \u00a0Je-li proces p\u0159\u00edli\u0161 intenzivn\u00ed, terapie se na \u010das p\u0159eru\u0161\u00ed, \u010di zkr\u00e1t\u00ed. Jedin\u00fdm \u201evedlej\u0161\u00edm\u201c a zcela pozitivn\u00edm \u00fa\u010dinkem Reiki je, \u017ee navozuje pocit celistvosti a jednoty se sebou sam\u00fdm i se Sv\u011btem\u2026<\/div>\n[\/vc_column_text][vc_column_text css_animation=&#8220;fadeInRight&#8220;]<strong>Z\u00e1v\u011brem bych cht\u011bla dodat, \u017ee energie Reiki je velmi harmonick\u00e1 energie pln\u00e1 l\u00e1sky, kter\u00e1 otev\u00edr\u00e1 nejen mysl, ale i srdce. Zasv\u011bcen\u00ed Reiki bych doporu\u010dila p\u0159edev\u0161\u00edm tomu, kdo na sob\u011b chce pracovat.<span class=\"Apple-converted-space\">\u00a0<\/span><\/strong>[\/vc_column_text][vc_row_inner column_margin=&#8220;default&#8220; text_align=&#8220;left&#8220;][vc_column_inner column_padding=&#8220;padding-4-percent&#8220; column_padding_position=&#8220;all&#8220; centered_text=&#8220;true&#8220; background_color_opacity=&#8220;1&#8243; background_hover_color_opacity=&#8220;1&#8243; column_shadow=&#8220;none&#8220; column_border_radius=&#8220;none&#8220; column_link_target=&#8220;_self&#8220; boxed=&#8220;true&#8220; width=&#8220;1\/3&#8243; tablet_width_inherit=&#8220;default&#8220; column_border_width=&#8220;none&#8220; column_border_style=&#8220;solid&#8220; bg_image_animation=&#8220;none&#8220; enable_animation=&#8220;true&#8220; animation=&#8220;grow-in&#8220; column_link=&#8220;http:\/\/www.janahrabkova.cz\/index.php\/kontakt\/&#8220;][vc_column_text]\n<h5>Zasv\u011bcen\u00ed do Reiki<\/h5>\n[\/vc_column_text][nectar_gradient_text heading_tag=&#8220;h2&#8243; color=&#8220;extra-color-gradient-1&#8243; gradient_direction=&#8220;horizontal&#8220; text=&#8220;1500 K\u010d&#8220;][nectar_gradient_text heading_tag=&#8220;h6&#8243; color=&#8220;extra-color-gradient-1&#8243; gradient_direction=&#8220;horizontal&#8220; margin_top=&#8220;-40px&#8220;][vc_column_text css=&#8220;.vc_custom_1572785319127{margin-top: -20px !important;}&#8220;]\n<h5><i class=\"icon-3x iconsmind-Quill accent-color\"><i class=\"circle-border\"><\/i><\/i>\n1. stupe\u0148<\/h5>\n[\/vc_column_text][\/vc_column_inner][vc_column_inner column_padding=&#8220;padding-4-percent&#8220; column_padding_position=&#8220;all&#8220; centered_text=&#8220;true&#8220; background_color_opacity=&#8220;1&#8243; background_hover_color_opacity=&#8220;1&#8243; column_shadow=&#8220;none&#8220; column_border_radius=&#8220;none&#8220; column_link_target=&#8220;_self&#8220; boxed=&#8220;true&#8220; width=&#8220;1\/3&#8243; tablet_width_inherit=&#8220;default&#8220; column_border_width=&#8220;none&#8220; column_border_style=&#8220;solid&#8220; bg_image_animation=&#8220;none&#8220; enable_animation=&#8220;true&#8220; animation=&#8220;grow-in&#8220; delay=&#8220;200&#8243; column_link=&#8220;http:\/\/www.janahrabkova.cz\/index.php\/kontakt\/&#8220;][vc_column_text]\n<h5>Zasv\u011bcen\u00ed do Reiki<\/h5>\n[\/vc_column_text][nectar_gradient_text heading_tag=&#8220;h2&#8243; color=&#8220;extra-color-gradient-1&#8243; gradient_direction=&#8220;horizontal&#8220; text=&#8220;2000 K\u010d&#8220;][nectar_gradient_text heading_tag=&#8220;h6&#8243; color=&#8220;extra-color-gradient-1&#8243; gradient_direction=&#8220;horizontal&#8220; margin_top=&#8220;-40px&#8220;][vc_column_text css=&#8220;.vc_custom_1572785298292{margin-top: -20px !important;}&#8220;]\n<h5><i class=\"icon-3x iconsmind-Quill-2 accent-color\"><i class=\"circle-border\"><\/i><\/i>\n2. stupe\u0148<\/h5>\n[\/vc_column_text][\/vc_column_inner][vc_column_inner column_padding=&#8220;padding-4-percent&#8220; column_padding_position=&#8220;all&#8220; centered_text=&#8220;true&#8220; background_color_opacity=&#8220;1&#8243; background_hover_color_opacity=&#8220;1&#8243; column_shadow=&#8220;none&#8220; column_border_radius=&#8220;none&#8220; column_link_target=&#8220;_self&#8220; boxed=&#8220;true&#8220; width=&#8220;1\/3&#8243; tablet_width_inherit=&#8220;default&#8220; column_border_width=&#8220;none&#8220; column_border_style=&#8220;solid&#8220; bg_image_animation=&#8220;none&#8220; enable_animation=&#8220;true&#8220; animation=&#8220;grow-in&#8220; delay=&#8220;400&#8243; column_link=&#8220;http:\/\/www.janahrabkova.cz\/index.php\/kontakt\/&#8220;][vc_column_text]\n<h5>Zasv\u011bcen\u00ed do Reiki<\/h5>\n[\/vc_column_text][nectar_gradient_text heading_tag=&#8220;h2&#8243; color=&#8220;extra-color-gradient-1&#8243; gradient_direction=&#8220;horizontal&#8220; text=&#8220;10.000 K\u010d&#8220;][nectar_gradient_text heading_tag=&#8220;h6&#8243; color=&#8220;extra-color-gradient-1&#8243; gradient_direction=&#8220;horizontal&#8220; margin_top=&#8220;-40px&#8220;][vc_column_text css=&#8220;.vc_custom_1572784956029{margin-top: -20px !important;}&#8220;]\n<h5><i class=\"icon-3x fa fa-pagelines accent-color\"><i class=\"circle-border\"><\/i><\/i>\nMistr<\/h5>\n[\/vc_column_text][\/vc_column_inner][\/vc_row_inner][\/vc_column][vc_column column_padding=&#8220;no-extra-padding&#8220; column_padding_position=&#8220;all&#8220; background_color_opacity=&#8220;1&#8243; background_hover_color_opacity=&#8220;1&#8243; column_link_target=&#8220;_self&#8220; column_shadow=&#8220;none&#8220; column_border_radius=&#8220;none&#8220; width=&#8220;1\/6&#8243; tablet_width_inherit=&#8220;default&#8220; tablet_text_alignment=&#8220;default&#8220; phone_text_alignment=&#8220;default&#8220; column_border_width=&#8220;none&#8220; column_border_style=&#8220;solid&#8220; bg_image_animation=&#8220;none&#8220;][\/vc_column][\/vc_row][vc_row type=&#8220;in_container&#8220; full_screen_row_position=&#8220;middle&#8220; scene_position=&#8220;center&#8220; text_color=&#8220;dark&#8220; text_align=&#8220;left&#8220; top_padding=&#8220;20&#8243; overlay_strength=&#8220;0.3&#8243; shape_divider_position=&#8220;bottom&#8220; bg_image_animation=&#8220;none&#8220; shape_type=&#8220;&#8220;][vc_column column_padding=&#8220;no-extra-padding&#8220; column_padding_position=&#8220;all&#8220; background_color_opacity=&#8220;1&#8243; background_hover_color_opacity=&#8220;1&#8243; column_link_target=&#8220;_self&#8220; column_shadow=&#8220;none&#8220; column_border_radius=&#8220;none&#8220; width=&#8220;1\/3&#8243; tablet_width_inherit=&#8220;default&#8220; tablet_text_alignment=&#8220;default&#8220; phone_text_alignment=&#8220;default&#8220; column_border_width=&#8220;none&#8220; column_border_style=&#8220;solid&#8220; bg_image_animation=&#8220;none&#8220;][\/vc_column][vc_column column_padding=&#8220;no-extra-padding&#8220; column_padding_position=&#8220;all&#8220; background_color_opacity=&#8220;1&#8243; background_hover_color_opacity=&#8220;1&#8243; column_link_target=&#8220;_self&#8220; column_shadow=&#8220;none&#8220; column_border_radius=&#8220;none&#8220; width=&#8220;1\/3&#8243; tablet_width_inherit=&#8220;default&#8220; tablet_text_alignment=&#8220;default&#8220; phone_text_alignment=&#8220;default&#8220; column_border_width=&#8220;none&#8220; column_border_style=&#8220;solid&#8220; bg_image_animation=&#8220;none&#8220;][vc_row_inner column_margin=&#8220;default&#8220; text_align=&#8220;left&#8220;][vc_column_inner column_padding=&#8220;no-extra-padding&#8220; column_padding_position=&#8220;all&#8220; background_color_opacity=&#8220;1&#8243; background_hover_color_opacity=&#8220;1&#8243; column_shadow=&#8220;none&#8220; column_border_radius=&#8220;none&#8220; column_link_target=&#8220;_self&#8220; width=&#8220;1\/1&#8243; tablet_width_inherit=&#8220;default&#8220; column_border_width=&#8220;none&#8220; column_border_style=&#8220;solid&#8220; bg_image_animation=&#8220;none&#8220;][nectar_btn size=&#8220;medium&#8220; button_style=&#8220;see-through&#8220; button_color_2=&#8220;extra-color-gradient-1&#8243; color_override=&#8220;#f7540e&#8220; icon_family=&#8220;fontawesome&#8220; text=&#8220;Jsem tu pro v\u00e1s&#8220; icon_fontawesome=&#8220;fa fa-heart&#8220; margin_left=&#8220;0&#8243; url=&#8220;http:\/\/www.janahrabkova.cz\/index.php\/kontakt\/&#8220;]<div class=\"iwithtext\"><div class=\"iwt-icon\"> <img decoding=\"async\" src=\"https:\/\/janahrabkova.cz\/wp-content\/uploads\/2019\/06\/srdce.jpg\" alt=\"\" \/> <\/div><div class=\"iwt-text\"> Jana Hr\u00e1bkov\u00e1 2019. <\/div><div class=\"clear\"><\/div><\/div>[\/vc_column_inner][\/vc_row_inner][\/vc_column][vc_column column_padding=&#8220;no-extra-padding&#8220; column_padding_position=&#8220;all&#8220; background_color_opacity=&#8220;1&#8243; background_hover_color_opacity=&#8220;1&#8243; column_link_target=&#8220;_self&#8220; column_shadow=&#8220;none&#8220; column_border_radius=&#8220;none&#8220; width=&#8220;1\/3&#8243; tablet_width_inherit=&#8220;default&#8220; tablet_text_alignment=&#8220;default&#8220; phone_text_alignment=&#8220;default&#8220; column_border_width=&#8220;none&#8220; column_border_style=&#8220;solid&#8220; bg_image_animation=&#8220;none&#8220;][\/vc_column][\/vc_row]\n","protected":false},"excerpt":{"rendered":"<p>[vc_row type=&#8220;full_width_background&#8220; full_screen_row_position=&#8220;middle&#8220; bg_image=&#8220;5892&#8243; bg_position=&#8220;left center&#8220; bg_repeat=&#8220;no-repeat&#8220; scene_position=&#8220;center&#8220; mouse_sensitivity=&#8220;10&#8243; text_color=&#8220;dark&#8220; text_align=&#8220;left&#8220; top_padding=&#8220;2%&#8220; bottom_padding=&#8220;2%&#8220; enable_gradient=&#8220;true&#8220; color_overlay=&#8220;#ffffff&#8220; gradient_direction=&#8220;left_to_right&#8220; overlay_strength=&#8220;1&#8243; enable_shape_divider=&#8220;true&#8220; shape_divider_position=&#8220;both&#8220; bg_image_animation=&#8220;none&#8220; parallax_bg=&#8220;true&#8220; parallax_bg_speed=&#8220;fast&#8220; shape_type=&#8220;curve_opacity&#8220;][vc_column column_padding=&#8220;padding-5-percent&#8220; column_padding_position=&#8220;left-right&#8220; background_color_opacity=&#8220;1&#8243; background_hover_color_opacity=&#8220;1&#8243; column_link_target=&#8220;_self&#8220; column_shadow=&#8220;none&#8220; column_border_radius=&#8220;none&#8220;&#8230;<\/p>\n","protected":false},"author":1,"featured_media":0,"parent":0,"menu_order":0,"comment_status":"closed","ping_status":"closed","template":"","meta":{"footnotes":""},"class_list":["post-5865","page","type-page","status-publish"],"_links":{"self":[{"href":"https:\/\/janahrabkova.cz\/index.php\/wp-json\/wp\/v2\/pages\/5865","targetHints":{"allow":["GET"]}}],"collection":[{"href":"https:\/\/janahrabkova.cz\/index.php\/wp-json\/wp\/v2\/pages"}],"about":[{"href":"https:\/\/janahrabkova.cz\/index.php\/wp-json\/wp\/v2\/types\/page"}],"author":[{"embeddable":true,"href":"https:\/\/janahrabkova.cz\/index.php\/wp-json\/wp\/v2\/users\/1"}],"replies":[{"embeddable":true,"href":"https:\/\/janahrabkova.cz\/index.php\/wp-json\/wp\/v2\/comments?post=5865"}],"version-history":[{"count":26,"href":"https:\/\/janahrabkova.cz\/index.php\/wp-json\/wp\/v2\/pages\/5865\/revisions"}],"predecessor-version":[{"id":6164,"href":"https:\/\/janahrabkova.cz\/index.php\/wp-json\/wp\/v2\/pages\/5865\/revisions\/6164"}],"wp:attachment":[{"href":"https:\/\/janahrabkova.cz\/index.php\/wp-json\/wp\/v2\/media?parent=5865"}],"curies":[{"name":"wp","href":"https:\/\/api.w.org\/{rel}","templated":true}]}}