{"id":5863,"date":"2019-06-25T09:56:16","date_gmt":"2019-06-25T09:56:16","guid":{"rendered":"http:\/\/www.janahrabkova.cz\/?page_id=5863"},"modified":"2020-09-26T19:50:24","modified_gmt":"2020-09-26T19:50:24","slug":"harmonizace","status":"publish","type":"page","link":"https:\/\/janahrabkova.cz\/index.php\/harmonizace\/","title":{"rendered":"Harmonizace"},"content":{"rendered":"[vc_row type=&#8220;full_width_background&#8220; full_screen_row_position=&#8220;middle&#8220; bg_image=&#8220;5894&#8243; bg_position=&#8220;left center&#8220; bg_repeat=&#8220;no-repeat&#8220; scene_position=&#8220;center&#8220; mouse_sensitivity=&#8220;10&#8243; text_color=&#8220;dark&#8220; text_align=&#8220;left&#8220; top_padding=&#8220;2%&#8220; bottom_padding=&#8220;2%&#8220; enable_gradient=&#8220;true&#8220; color_overlay=&#8220;#ffffff&#8220; gradient_direction=&#8220;left_to_right&#8220; overlay_strength=&#8220;1&#8243; enable_shape_divider=&#8220;true&#8220; shape_divider_position=&#8220;both&#8220; bg_image_animation=&#8220;none&#8220; parallax_bg=&#8220;true&#8220; parallax_bg_speed=&#8220;fast&#8220; shape_type=&#8220;curve_opacity&#8220;][vc_column column_padding=&#8220;padding-5-percent&#8220; column_padding_position=&#8220;left-right&#8220; background_color_opacity=&#8220;1&#8243; background_hover_color_opacity=&#8220;1&#8243; column_link_target=&#8220;_self&#8220; column_shadow=&#8220;none&#8220; column_border_radius=&#8220;none&#8220; width=&#8220;1\/6&#8243; tablet_width_inherit=&#8220;default&#8220; tablet_text_alignment=&#8220;default&#8220; phone_text_alignment=&#8220;default&#8220; column_border_width=&#8220;none&#8220; column_border_style=&#8220;solid&#8220; bg_image_animation=&#8220;none&#8220;][\/vc_column][vc_column column_padding=&#8220;padding-2-percent&#8220; column_padding_position=&#8220;all&#8220; background_color=&#8220;#ffffff&#8220; background_color_opacity=&#8220;0.5&#8243; background_hover_color_opacity=&#8220;1&#8243; column_link_target=&#8220;_self&#8220; column_shadow=&#8220;none&#8220; column_border_radius=&#8220;none&#8220; width=&#8220;2\/3&#8243; tablet_width_inherit=&#8220;default&#8220; tablet_text_alignment=&#8220;default&#8220; phone_text_alignment=&#8220;default&#8220; column_border_width=&#8220;none&#8220; column_border_style=&#8220;solid&#8220; bg_image_animation=&#8220;zoom-out-slow&#8220; enable_animation=&#8220;true&#8220; animation=&#8220;grow-in&#8220;][vc_custom_heading text=&#8220;Harmonizace t\u011bla a du\u0161e&#8220; font_container=&#8220;tag:h2|text_align:center|color:%23f7b418&#8243; google_fonts=&#8220;font_family:Dancing%20Script%3Aregular%2C700|font_style:700%20bold%20regular%3A700%3Anormal&#8220; css_animation=&#8220;fadeInDown&#8220;][vc_column_text css_animation=&#8220;fadeInRight&#8220;]\n<h4>Energetick\u00e9 l\u00e9\u010den\u00ed<\/h4>\n<p>Slou\u017e\u00ed jako podp\u016frn\u00e1 metoda p\u0159i klasick\u00e9 l\u00e9\u010db\u011b, jak akutn\u00edch, tak chronick\u00fdch onemocn\u011bn\u00ed, kdy klient p\u0159ijet\u00edm a pochopen\u00edm p\u0159\u00ed\u010din zdravotn\u00edho probl\u00e9mu podstatn\u011b zkr\u00e1t\u00ed dobu l\u00e9\u010den\u00ed a rekonvalescence po nemoci nebo \u00farazech.<\/p>\n<h4>Harmonizace energetick\u00e9ho syst\u00e9mu<\/h4>\n<p>V\u0161echny \u00farovn\u011b \u010dlov\u011bka se skl\u00e1daj\u00ed z vibruj\u00edc\u00ed energie. Nemoc \u010di disharmonie jsou projevem neharmonick\u00e9ho toku na r\u016fzn\u00fdch vibra\u010dn\u00edch \u00farovn\u00edch \u010dlov\u011bka. N\u011bkde je energie m\u00e1lo, jinde je j\u00ed p\u0159ebytek, na n\u011bkter\u00fdch m\u00edstech je zase energie blokov\u00e1na.<\/p>\n<h4>Uzemn\u011bn\u00ed<\/h4>\n<p>Ka\u017ed\u00fd \u010dlov\u011bk bez rozd\u00edlu m\u00e1 p\u0159irozenou schopnost l\u00e9\u010dit a pracovat s energi\u00ed. V\u0161ichni pracujeme s energi\u00ed, jen v\u011bt\u0161ina nev\u011bdom\u011b. Znakem nev\u011bdom\u00e9 pr\u00e1ce s energi\u00ed b\u00fdv\u00e1 pocit ztr\u00e1ty p\u016fdy pod nohama a odd\u011blen\u00ed se od ka\u017edodenn\u00ed reality. V t\u011bchto p\u0159\u00edpadech je pot\u0159eba se v\u00edce spojit se zem\u00ed = uzemnit se.[\/vc_column_text][vc_row_inner column_margin=&#8220;default&#8220; text_align=&#8220;left&#8220;][vc_column_inner column_padding=&#8220;padding-4-percent&#8220; column_padding_position=&#8220;all&#8220; centered_text=&#8220;true&#8220; background_color_opacity=&#8220;1&#8243; background_hover_color_opacity=&#8220;1&#8243; column_shadow=&#8220;none&#8220; column_border_radius=&#8220;none&#8220; column_link_target=&#8220;_self&#8220; boxed=&#8220;true&#8220; width=&#8220;1\/3&#8243; tablet_width_inherit=&#8220;default&#8220; column_border_width=&#8220;none&#8220; column_border_style=&#8220;solid&#8220; bg_image_animation=&#8220;none&#8220; enable_animation=&#8220;true&#8220; animation=&#8220;grow-in&#8220; delay=&#8220;200&#8243; column_link=&#8220;http:\/\/www.janahrabkova.cz\/index.php\/kontakt\/&#8220;][vc_column_text]\n<h5>Harmonizace t\u011bla a du\u0161e<\/h5>\n[\/vc_column_text][nectar_gradient_text heading_tag=&#8220;h2&#8243; color=&#8220;extra-color-gradient-1&#8243; gradient_direction=&#8220;horizontal&#8220; text=&#8220;1500 K\u010d&#8220;][nectar_gradient_text heading_tag=&#8220;h6&#8243; color=&#8220;extra-color-gradient-1&#8243; gradient_direction=&#8220;horizontal&#8220; text=&#8220;\/ sezen\u00ed&#8220; margin_top=&#8220;-40px&#8220;][vc_column_text css=&#8220;.vc_custom_1572784138329{margin-top: -20px !important;}&#8220;]terapie[\/vc_column_text][\/vc_column_inner][\/vc_row_inner][\/vc_column][vc_column column_padding=&#8220;no-extra-padding&#8220; column_padding_position=&#8220;all&#8220; background_color_opacity=&#8220;1&#8243; background_hover_color_opacity=&#8220;1&#8243; column_link_target=&#8220;_self&#8220; column_shadow=&#8220;none&#8220; column_border_radius=&#8220;none&#8220; width=&#8220;1\/6&#8243; tablet_width_inherit=&#8220;default&#8220; tablet_text_alignment=&#8220;default&#8220; phone_text_alignment=&#8220;default&#8220; column_border_width=&#8220;none&#8220; column_border_style=&#8220;solid&#8220; bg_image_animation=&#8220;none&#8220;][\/vc_column][\/vc_row][vc_row type=&#8220;in_container&#8220; full_screen_row_position=&#8220;middle&#8220; scene_position=&#8220;center&#8220; text_color=&#8220;dark&#8220; text_align=&#8220;left&#8220; top_padding=&#8220;20&#8243; overlay_strength=&#8220;0.3&#8243; shape_divider_position=&#8220;bottom&#8220; bg_image_animation=&#8220;none&#8220; shape_type=&#8220;&#8220;][vc_column column_padding=&#8220;no-extra-padding&#8220; column_padding_position=&#8220;all&#8220; background_color_opacity=&#8220;1&#8243; background_hover_color_opacity=&#8220;1&#8243; column_link_target=&#8220;_self&#8220; column_shadow=&#8220;none&#8220; column_border_radius=&#8220;none&#8220; width=&#8220;1\/3&#8243; tablet_width_inherit=&#8220;default&#8220; tablet_text_alignment=&#8220;default&#8220; phone_text_alignment=&#8220;default&#8220; column_border_width=&#8220;none&#8220; column_border_style=&#8220;solid&#8220; bg_image_animation=&#8220;none&#8220;][\/vc_column][vc_column column_padding=&#8220;no-extra-padding&#8220; column_padding_position=&#8220;all&#8220; background_color_opacity=&#8220;1&#8243; background_hover_color_opacity=&#8220;1&#8243; column_link_target=&#8220;_self&#8220; column_shadow=&#8220;none&#8220; column_border_radius=&#8220;none&#8220; width=&#8220;1\/3&#8243; tablet_width_inherit=&#8220;default&#8220; tablet_text_alignment=&#8220;default&#8220; phone_text_alignment=&#8220;default&#8220; column_border_width=&#8220;none&#8220; column_border_style=&#8220;solid&#8220; bg_image_animation=&#8220;none&#8220;][vc_row_inner column_margin=&#8220;default&#8220; text_align=&#8220;left&#8220;][vc_column_inner column_padding=&#8220;no-extra-padding&#8220; column_padding_position=&#8220;all&#8220; background_color_opacity=&#8220;1&#8243; background_hover_color_opacity=&#8220;1&#8243; column_shadow=&#8220;none&#8220; column_border_radius=&#8220;none&#8220; column_link_target=&#8220;_self&#8220; width=&#8220;1\/1&#8243; tablet_width_inherit=&#8220;default&#8220; column_border_width=&#8220;none&#8220; column_border_style=&#8220;solid&#8220; bg_image_animation=&#8220;none&#8220;][nectar_btn size=&#8220;medium&#8220; button_style=&#8220;see-through&#8220; button_color_2=&#8220;extra-color-gradient-1&#8243; color_override=&#8220;#f7540e&#8220; icon_family=&#8220;fontawesome&#8220; text=&#8220;Jsem tu pro v\u00e1s&#8220; icon_fontawesome=&#8220;fa fa-heart&#8220; margin_left=&#8220;0&#8243; url=&#8220;http:\/\/www.janahrabkova.cz\/index.php\/kontakt\/&#8220;]<div class=\"iwithtext\"><div class=\"iwt-icon\"> <img decoding=\"async\" src=\"https:\/\/janahrabkova.cz\/wp-content\/uploads\/2019\/06\/srdce.jpg\" alt=\"\" \/> <\/div><div class=\"iwt-text\"> Jana Hr\u00e1bkov\u00e1 2019. <\/div><div class=\"clear\"><\/div><\/div>[\/vc_column_inner][\/vc_row_inner][\/vc_column][vc_column column_padding=&#8220;no-extra-padding&#8220; column_padding_position=&#8220;all&#8220; background_color_opacity=&#8220;1&#8243; background_hover_color_opacity=&#8220;1&#8243; column_link_target=&#8220;_self&#8220; column_shadow=&#8220;none&#8220; column_border_radius=&#8220;none&#8220; width=&#8220;1\/3&#8243; tablet_width_inherit=&#8220;default&#8220; tablet_text_alignment=&#8220;default&#8220; phone_text_alignment=&#8220;default&#8220; column_border_width=&#8220;none&#8220; column_border_style=&#8220;solid&#8220; bg_image_animation=&#8220;none&#8220;][\/vc_column][\/vc_row]\n","protected":false},"excerpt":{"rendered":"<p>[vc_row type=&#8220;full_width_background&#8220; full_screen_row_position=&#8220;middle&#8220; bg_image=&#8220;5894&#8243; bg_position=&#8220;left center&#8220; bg_repeat=&#8220;no-repeat&#8220; scene_position=&#8220;center&#8220; mouse_sensitivity=&#8220;10&#8243; text_color=&#8220;dark&#8220; text_align=&#8220;left&#8220; top_padding=&#8220;2%&#8220; bottom_padding=&#8220;2%&#8220; enable_gradient=&#8220;true&#8220; color_overlay=&#8220;#ffffff&#8220; gradient_direction=&#8220;left_to_right&#8220; overlay_strength=&#8220;1&#8243; enable_shape_divider=&#8220;true&#8220; shape_divider_position=&#8220;both&#8220; bg_image_animation=&#8220;none&#8220; parallax_bg=&#8220;true&#8220; parallax_bg_speed=&#8220;fast&#8220; shape_type=&#8220;curve_opacity&#8220;][vc_column column_padding=&#8220;padding-5-percent&#8220; column_padding_position=&#8220;left-right&#8220; background_color_opacity=&#8220;1&#8243; background_hover_color_opacity=&#8220;1&#8243; column_link_target=&#8220;_self&#8220; column_shadow=&#8220;none&#8220; column_border_radius=&#8220;none&#8220;&#8230;<\/p>\n","protected":false},"author":1,"featured_media":0,"parent":0,"menu_order":0,"comment_status":"closed","ping_status":"closed","template":"","meta":{"footnotes":""},"class_list":["post-5863","page","type-page","status-publish"],"_links":{"self":[{"href":"https:\/\/janahrabkova.cz\/index.php\/wp-json\/wp\/v2\/pages\/5863","targetHints":{"allow":["GET"]}}],"collection":[{"href":"https:\/\/janahrabkova.cz\/index.php\/wp-json\/wp\/v2\/pages"}],"about":[{"href":"https:\/\/janahrabkova.cz\/index.php\/wp-json\/wp\/v2\/types\/page"}],"author":[{"embeddable":true,"href":"https:\/\/janahrabkova.cz\/index.php\/wp-json\/wp\/v2\/users\/1"}],"replies":[{"embeddable":true,"href":"https:\/\/janahrabkova.cz\/index.php\/wp-json\/wp\/v2\/comments?post=5863"}],"version-history":[{"count":18,"href":"https:\/\/janahrabkova.cz\/index.php\/wp-json\/wp\/v2\/pages\/5863\/revisions"}],"predecessor-version":[{"id":6165,"href":"https:\/\/janahrabkova.cz\/index.php\/wp-json\/wp\/v2\/pages\/5863\/revisions\/6165"}],"wp:attachment":[{"href":"https:\/\/janahrabkova.cz\/index.php\/wp-json\/wp\/v2\/media?parent=5863"}],"curies":[{"name":"wp","href":"https:\/\/api.w.org\/{rel}","templated":true}]}}