{"id":5859,"date":"2019-06-25T09:55:43","date_gmt":"2019-06-25T09:55:43","guid":{"rendered":"http:\/\/www.janahrabkova.cz\/?page_id=5859"},"modified":"2021-10-30T21:25:31","modified_gmt":"2021-10-30T21:25:31","slug":"muj-pribeh","status":"publish","type":"page","link":"https:\/\/janahrabkova.cz\/index.php\/muj-pribeh\/","title":{"rendered":"P\u0159\u00edb\u011bh"},"content":{"rendered":"[vc_row type=&#8220;full_width_background&#8220; full_screen_row_position=&#8220;middle&#8220; bg_image=&#8220;6119&#8243; bg_position=&#8220;left center&#8220; bg_repeat=&#8220;no-repeat&#8220; scene_position=&#8220;center&#8220; mouse_sensitivity=&#8220;10&#8243; text_color=&#8220;dark&#8220; text_align=&#8220;left&#8220; top_padding=&#8220;2%&#8220; bottom_padding=&#8220;2%&#8220; enable_gradient=&#8220;true&#8220; color_overlay=&#8220;#ffffff&#8220; gradient_direction=&#8220;left_to_right&#8220; overlay_strength=&#8220;1&#8243; enable_shape_divider=&#8220;true&#8220; shape_divider_position=&#8220;both&#8220; bg_image_animation=&#8220;none&#8220; parallax_bg=&#8220;true&#8220; parallax_bg_speed=&#8220;fast&#8220; shape_type=&#8220;curve_opacity&#8220;][vc_column column_padding=&#8220;padding-5-percent&#8220; column_padding_position=&#8220;left-right&#8220; background_color_opacity=&#8220;1&#8243; background_hover_color_opacity=&#8220;1&#8243; column_link_target=&#8220;_self&#8220; column_shadow=&#8220;none&#8220; column_border_radius=&#8220;none&#8220; width=&#8220;1\/6&#8243; tablet_width_inherit=&#8220;default&#8220; tablet_text_alignment=&#8220;default&#8220; phone_text_alignment=&#8220;default&#8220; column_border_width=&#8220;none&#8220; column_border_style=&#8220;solid&#8220; bg_image_animation=&#8220;none&#8220;][\/vc_column][vc_column column_padding=&#8220;padding-2-percent&#8220; column_padding_position=&#8220;all&#8220; background_color=&#8220;#ffffff&#8220; background_color_opacity=&#8220;0.5&#8243; background_hover_color_opacity=&#8220;1&#8243; column_link_target=&#8220;_self&#8220; column_shadow=&#8220;none&#8220; column_border_radius=&#8220;none&#8220; width=&#8220;2\/3&#8243; tablet_width_inherit=&#8220;default&#8220; tablet_text_alignment=&#8220;default&#8220; phone_text_alignment=&#8220;default&#8220; column_border_width=&#8220;none&#8220; column_border_style=&#8220;solid&#8220; bg_image_animation=&#8220;zoom-out-slow&#8220; enable_animation=&#8220;true&#8220; animation=&#8220;grow-in&#8220;][vc_custom_heading text=&#8220;M\u016fj p\u0159\u00edb\u011bh&#8220; font_container=&#8220;tag:h2|text_align:center|color:%23ed5436&#8243; google_fonts=&#8220;font_family:Dancing%20Script%3Aregular%2C700|font_style:700%20bold%20regular%3A700%3Anormal&#8220; css_animation=&#8220;fadeInDown&#8220;][vc_row_inner equal_height=&#8220;yes&#8220; column_margin=&#8220;default&#8220; text_align=&#8220;left&#8220;][vc_column_inner column_padding=&#8220;no-extra-padding&#8220; column_padding_position=&#8220;all&#8220; background_color_opacity=&#8220;1&#8243; background_hover_color_opacity=&#8220;1&#8243; column_shadow=&#8220;none&#8220; column_border_radius=&#8220;none&#8220; column_link_target=&#8220;_self&#8220; width=&#8220;2\/3&#8243; tablet_width_inherit=&#8220;default&#8220; column_border_width=&#8220;none&#8220; column_border_style=&#8220;solid&#8220; bg_image_animation=&#8220;none&#8220;][vc_column_text css_animation=&#8220;fadeIn&#8220;]\n<h5>Pomoc druh\u00fdm lidem je sou\u010d\u00e1st\u00ed na\u0161\u00ed rodiny u\u017e od nepam\u011bti. Ji\u017e moje prababi\u010dka byla l\u00e9\u010ditelkou a moc r\u00e1da vykl\u00e1dala lidem karty. Ale zem\u0159ela celkem brzy, je\u0161t\u011b kdy\u017e jsem byla mal\u00e1. A tak jsme si spousty v\u011bc\u00ed nesta\u010dily \u0159\u00edci. I d\u00edky n\u00ed v sob\u011b objevuji a rozv\u00edj\u00edm \u0159ady dar\u016f, kter\u00fdmi pom\u00e1h\u00e1m lidem naj\u00edt jejich cestu k l\u00e1sce a radosti.<\/h5>\n[\/vc_column_text][image_with_animation image_url=&#8220;6070&#8243; alignment=&#8220;&#8220; animation=&#8220;Fade In&#8220; border_radius=&#8220;none&#8220; box_shadow=&#8220;none&#8220; max_width=&#8220;50%&#8220;][vc_column_text]<em>jedna z m\u00e1la spole\u010dn\u00fdch fotek<\/em>[\/vc_column_text][\/vc_column_inner][vc_column_inner column_padding=&#8220;padding-1-percent&#8220; column_padding_position=&#8220;all&#8220; background_color_opacity=&#8220;1&#8243; background_hover_color_opacity=&#8220;1&#8243; column_shadow=&#8220;none&#8220; column_border_radius=&#8220;none&#8220; column_link_target=&#8220;_self&#8220; width=&#8220;1\/3&#8243; tablet_width_inherit=&#8220;default&#8220; column_border_width=&#8220;none&#8220; column_border_style=&#8220;solid&#8220; bg_image_animation=&#8220;none&#8220;][image_with_animation image_url=&#8220;6073&#8243; alignment=&#8220;&#8220; animation=&#8220;Fade In&#8220; border_radius=&#8220;none&#8220; box_shadow=&#8220;none&#8220; max_width=&#8220;100%&#8220;][vc_column_text]<em>moje milovan\u00e1 prababi\u010dka<\/em>[\/vc_column_text][\/vc_column_inner][\/vc_row_inner][vc_row_inner equal_height=&#8220;yes&#8220; content_placement=&#8220;middle&#8220; column_margin=&#8220;none&#8220; bottom_padding=&#8220;0&#8243; text_align=&#8220;left&#8220;][vc_column_inner column_padding=&#8220;no-extra-padding&#8220; column_padding_position=&#8220;all&#8220; background_color_opacity=&#8220;1&#8243; background_hover_color_opacity=&#8220;1&#8243; column_shadow=&#8220;none&#8220; column_border_radius=&#8220;none&#8220; column_link_target=&#8220;_self&#8220; width=&#8220;1\/1&#8243; tablet_width_inherit=&#8220;default&#8220; column_border_width=&#8220;none&#8220; column_border_style=&#8220;solid&#8220; bg_image_animation=&#8220;none&#8220;][vc_column_text]<strong>R\u00e1da bych tu zm\u00ednila jeden p\u0159\u00edb\u011bh, kter\u00fd mi pomohl\u00a0 v t\u011bch nejt\u011b\u017e\u0161\u00edch chv\u00edl\u00edch. Na\u0161la jsem ho u\u017e v neexistuj\u00edc\u00edm \u010dasopise &#8222;Magick\u00fd sv\u011bt&#8220; a jmenuje se P\u0159\u00edb\u011bh o and\u011blech.&#8220;<\/strong>[\/vc_column_text][vc_column_text]Dva poutn\u00edci se zastavili, aby str\u00e1vili noc v dom\u011b bohat\u00e9 rodiny. Rodina byla nepohostinn\u00e1 a odm\u00edtla nechat and\u011bly\u00a0 v m\u00edstnosti pro hosty. Nam\u00edsto toho byli ubytov\u00e1ni ve studen\u00e9 stodole. Hned jak si ustlali na tvrd\u00e9 podlaze, star\u0161\u00ed and\u011bl uvid\u011bl d\u00edru ve st\u011bn\u011b a opravil ji. Kdy\u017e se mlad\u0161\u00ed and\u011bl udiven\u011b zeptal pro\u010d, star\u0161\u00ed odpov\u011bd\u011bl&#8230; &#8222;V\u011bci nejsou takov\u00e9, jak\u00fdmi se zdaj\u00ed&#8220;. Dal\u0161\u00ed noc si \u0161li odpo\u010dinout do domu chud\u00e9ho, ale pohostinn\u00e9ho farm\u00e1\u0159e a jeho \u017eeny. po tom, co se s nimi man\u017eel\u00e9 pod\u011blili o trochu j\u00eddla, co m\u011bli, \u0159ekli and\u011bl\u016fm, aby spali v jejich posteli, kde si dob\u0159e odpo\u010dinou. R\u00e1no po sv\u00edt\u00e1n\u00ed na\u0161li and\u011bl\u00e9 farm\u00e1\u0159e a jeho \u017eenu v slz\u00e1ch. Jejich jedin\u00e1 kr\u00e1va, jej\u00ed\u017e ml\u00e9ko bylo jedin\u00fdm p\u0159\u00edjmem rodiny, le\u017eela mrtv\u00e1 v chl\u00e9v\u011b. Mlad\u0161\u00ed and\u011bl se ptal star\u0161\u00edho, jak se to mohlo st\u00e1t? Prvn\u00ed mu\u017e m\u011bl v\u0161echno a ty jsi mu pomohl, vy\u010d\u00edtal. Druh\u00e1 rodina m\u011bla jen tu kr\u00e1vu a ta jim zem\u0159ela. Pro\u010d? &#8222;V\u011bci nejsou takov\u00e9, jak\u00fdmi se zdaj\u00ed&#8220; odpov\u011bd\u011bl star\u0161\u00ed and\u011bl. &#8222;Kdy\u017e jsme byli v stodole, v\u0161iml jsem si, \u017ee v t\u00e9 d\u00ed\u0159e ve st\u011bn\u011b byla z\u00e1soba zlata. Kdy\u017e byl majitel posedl\u00fd chamtivost\u00ed a lakotou, opravil jsem st\u011bnu, aby zlato nena\u0161el. V\u011bci nejsou takov\u00e9, jak\u00fdmi se zdaj\u00ed. Kdy\u017e jsme dal\u0161\u00ed noc spali ve farm\u00e1\u0159ov\u011b posteli, p\u0159i\u0161el and\u011bl smrti pro jeho \u017eenu. Dal jsem mu m\u00edsto n\u00ed kr\u00e1vu. V\u011bt\u0161inou nepozn\u00e1me v\u0161echny souvislosti. I kdy\u017e m\u00e1\u0161 v\u00edru, pot\u0159ebuje\u0161 tak\u00e9 d\u016fv\u011bru, \u017ee v\u0161echno, co p\u0159ich\u00e1z\u00ed, se v\u017edy d\u011bje v tv\u016fj prosp\u011bch. A to se uk\u00e1\u017ee a\u017e \u010dasem. V\u010derej\u0161ek je historie. Z\u00edt\u0159ek tajemstv\u00edm. Dne\u0161ek, p\u0159\u00edtomnost je dar. \u017divot je neoby\u010dejn\u00fd a chu\u0165 ka\u017ed\u00e9ho momentu neopakovateln\u00e1! Bu\u010fme alespo\u0148 chvilku jako and\u011bl\u00e9 a budeme z\u00e1\u0159it jejich sv\u011btlem.<br \/>\n<strong>Ka\u017ed\u00fd je str\u016fjcem sv\u00e9ho \u0161t\u011bst\u00ed a v\u011bdom\u00fdm tv\u016frcem sv\u00e9 reality, ale m\u011bl by si uv\u011bdomit, \u017ee je t\u0159eba na sob\u011b pracovat a p\u0159evz\u00edt za sebe zodpov\u011bdnost \u2026<\/strong>[\/vc_column_text][vc_column_text]\n<p style=\"text-align: right;\"><img loading=\"lazy\" decoding=\"async\" class=\"alignnone size-medium wp-image-6147 aligncenter\" src=\"http:\/\/www.janahrabkova.cz\/wp-content\/uploads\/2019\/06\/jana_coming-e1561748224702-300x113.png\" alt=\"\" width=\"300\" height=\"113\" \/><\/p>\n[\/vc_column_text][\/vc_column_inner][\/vc_row_inner][\/vc_column][vc_column column_padding=&#8220;no-extra-padding&#8220; column_padding_position=&#8220;all&#8220; background_color_opacity=&#8220;1&#8243; background_hover_color_opacity=&#8220;1&#8243; column_link_target=&#8220;_self&#8220; column_shadow=&#8220;none&#8220; column_border_radius=&#8220;none&#8220; width=&#8220;1\/6&#8243; tablet_width_inherit=&#8220;default&#8220; tablet_text_alignment=&#8220;default&#8220; phone_text_alignment=&#8220;default&#8220; column_border_width=&#8220;none&#8220; column_border_style=&#8220;solid&#8220; bg_image_animation=&#8220;none&#8220;][\/vc_column][\/vc_row][vc_row type=&#8220;in_container&#8220; full_screen_row_position=&#8220;middle&#8220; scene_position=&#8220;center&#8220; text_color=&#8220;dark&#8220; text_align=&#8220;left&#8220; top_padding=&#8220;20&#8243; overlay_strength=&#8220;0.3&#8243; shape_divider_position=&#8220;bottom&#8220; bg_image_animation=&#8220;none&#8220; shape_type=&#8220;&#8220;][vc_column column_padding=&#8220;no-extra-padding&#8220; column_padding_position=&#8220;all&#8220; background_color_opacity=&#8220;1&#8243; background_hover_color_opacity=&#8220;1&#8243; column_link_target=&#8220;_self&#8220; column_shadow=&#8220;none&#8220; column_border_radius=&#8220;none&#8220; width=&#8220;1\/3&#8243; tablet_width_inherit=&#8220;default&#8220; tablet_text_alignment=&#8220;default&#8220; phone_text_alignment=&#8220;default&#8220; column_border_width=&#8220;none&#8220; column_border_style=&#8220;solid&#8220; bg_image_animation=&#8220;none&#8220;][\/vc_column][vc_column column_padding=&#8220;no-extra-padding&#8220; column_padding_position=&#8220;all&#8220; background_color_opacity=&#8220;1&#8243; background_hover_color_opacity=&#8220;1&#8243; column_link_target=&#8220;_self&#8220; column_shadow=&#8220;none&#8220; column_border_radius=&#8220;none&#8220; width=&#8220;1\/3&#8243; tablet_width_inherit=&#8220;default&#8220; tablet_text_alignment=&#8220;default&#8220; phone_text_alignment=&#8220;default&#8220; column_border_width=&#8220;none&#8220; column_border_style=&#8220;solid&#8220; bg_image_animation=&#8220;none&#8220;][vc_row_inner column_margin=&#8220;default&#8220; text_align=&#8220;left&#8220;][vc_column_inner column_padding=&#8220;no-extra-padding&#8220; column_padding_position=&#8220;all&#8220; background_color_opacity=&#8220;1&#8243; background_hover_color_opacity=&#8220;1&#8243; column_shadow=&#8220;none&#8220; column_border_radius=&#8220;none&#8220; column_link_target=&#8220;_self&#8220; width=&#8220;1\/1&#8243; tablet_width_inherit=&#8220;default&#8220; column_border_width=&#8220;none&#8220; column_border_style=&#8220;solid&#8220; bg_image_animation=&#8220;none&#8220;][nectar_btn size=&#8220;medium&#8220; button_style=&#8220;see-through&#8220; button_color_2=&#8220;extra-color-gradient-1&#8243; color_override=&#8220;#f7540e&#8220; icon_family=&#8220;fontawesome&#8220; text=&#8220;Jsem tu pro v\u00e1s&#8220; icon_fontawesome=&#8220;fa fa-heart&#8220; margin_left=&#8220;0&#8243; url=&#8220;http:\/\/www.janahrabkova.cz\/index.php\/kontakt\/&#8220;]<div class=\"iwithtext\"><div class=\"iwt-icon\"> <img decoding=\"async\" src=\"https:\/\/janahrabkova.cz\/wp-content\/uploads\/2019\/06\/srdce.jpg\" alt=\"\" \/> <\/div><div class=\"iwt-text\"> Jana Hr\u00e1bkov\u00e1 2019-2021. <\/div><div class=\"clear\"><\/div><\/div>[\/vc_column_inner][\/vc_row_inner][\/vc_column][vc_column column_padding=&#8220;no-extra-padding&#8220; column_padding_position=&#8220;all&#8220; background_color_opacity=&#8220;1&#8243; background_hover_color_opacity=&#8220;1&#8243; column_link_target=&#8220;_self&#8220; column_shadow=&#8220;none&#8220; column_border_radius=&#8220;none&#8220; width=&#8220;1\/3&#8243; tablet_width_inherit=&#8220;default&#8220; tablet_text_alignment=&#8220;default&#8220; phone_text_alignment=&#8220;default&#8220; column_border_width=&#8220;none&#8220; column_border_style=&#8220;solid&#8220; bg_image_animation=&#8220;none&#8220;][\/vc_column][\/vc_row]\n","protected":false},"excerpt":{"rendered":"<p>[vc_row type=&#8220;full_width_background&#8220; full_screen_row_position=&#8220;middle&#8220; bg_image=&#8220;6119&#8243; bg_position=&#8220;left center&#8220; bg_repeat=&#8220;no-repeat&#8220; scene_position=&#8220;center&#8220; mouse_sensitivity=&#8220;10&#8243; text_color=&#8220;dark&#8220; text_align=&#8220;left&#8220; top_padding=&#8220;2%&#8220; bottom_padding=&#8220;2%&#8220; enable_gradient=&#8220;true&#8220; color_overlay=&#8220;#ffffff&#8220; gradient_direction=&#8220;left_to_right&#8220; overlay_strength=&#8220;1&#8243; enable_shape_divider=&#8220;true&#8220; shape_divider_position=&#8220;both&#8220; bg_image_animation=&#8220;none&#8220; parallax_bg=&#8220;true&#8220; parallax_bg_speed=&#8220;fast&#8220; shape_type=&#8220;curve_opacity&#8220;][vc_column column_padding=&#8220;padding-5-percent&#8220; column_padding_position=&#8220;left-right&#8220; background_color_opacity=&#8220;1&#8243; background_hover_color_opacity=&#8220;1&#8243; column_link_target=&#8220;_self&#8220; column_shadow=&#8220;none&#8220; column_border_radius=&#8220;none&#8220;&#8230;<\/p>\n","protected":false},"author":1,"featured_media":0,"parent":0,"menu_order":0,"comment_status":"closed","ping_status":"closed","template":"","meta":{"footnotes":""},"class_list":["post-5859","page","type-page","status-publish"],"_links":{"self":[{"href":"https:\/\/janahrabkova.cz\/index.php\/wp-json\/wp\/v2\/pages\/5859","targetHints":{"allow":["GET"]}}],"collection":[{"href":"https:\/\/janahrabkova.cz\/index.php\/wp-json\/wp\/v2\/pages"}],"about":[{"href":"https:\/\/janahrabkova.cz\/index.php\/wp-json\/wp\/v2\/types\/page"}],"author":[{"embeddable":true,"href":"https:\/\/janahrabkova.cz\/index.php\/wp-json\/wp\/v2\/users\/1"}],"replies":[{"embeddable":true,"href":"https:\/\/janahrabkova.cz\/index.php\/wp-json\/wp\/v2\/comments?post=5859"}],"version-history":[{"count":84,"href":"https:\/\/janahrabkova.cz\/index.php\/wp-json\/wp\/v2\/pages\/5859\/revisions"}],"predecessor-version":[{"id":6386,"href":"https:\/\/janahrabkova.cz\/index.php\/wp-json\/wp\/v2\/pages\/5859\/revisions\/6386"}],"wp:attachment":[{"href":"https:\/\/janahrabkova.cz\/index.php\/wp-json\/wp\/v2\/media?parent=5859"}],"curies":[{"name":"wp","href":"https:\/\/api.w.org\/{rel}","templated":true}]}}